{"id":5180,"date":"2019-11-17T11:26:50","date_gmt":"2019-11-17T11:26:50","guid":{"rendered":"https:\/\/friedmann-photos.com\/?page_id=5180"},"modified":"2020-05-05T22:30:56","modified_gmt":"2020-05-05T22:30:56","slug":"home","status":"publish","type":"page","link":"https:\/\/friedmann-photos.com\/da","title":{"rendered":"Home"},"content":{"rendered":"<p>[et_pb_section fb_built=&#8221;1&#8243; fullwidth=&#8221;on&#8221; _builder_version=&#8221;4.0.6&#8243;][et_pb_fullwidth_code disabled_on=&#8221;off|off|off&#8221; module_class=&#8221;hero-container-home&#8221; _builder_version=&#8221;4.0.6&#8243;]<\/p>\n<div class=\"pvo-hero-container\"><!-- [et_pb_line_break_holder] -->  <\/p>\n<div class=\"pvo-hero-left pvo-flex\" ><!-- [et_pb_line_break_holder] -->    <img decoding=\"async\" src=\"https:\/\/friedmann-photos.com\/wp-content\/uploads\/2019\/08\/FPDS-logo-max.png\"><!-- [et_pb_line_break_holder] -->  <\/div>\n<p><!-- [et_pb_line_break_holder] -->  <\/p>\n<div class=\"pvo-hero-right\"><!-- [et_pb_line_break_holder] -->    <\/p>\n<div clas=\"aside-container\"> <!-- [et_pb_line_break_holder] -->      <\/p>\n<ul class=\"lang-ul\"><!-- [et_pb_line_break_holder] -->        <\/p>\n<li><span class=\"divider\"><\/span><\/li>\n<p><!-- [et_pb_line_break_holder] -->      <\/p>\n<li><a class=\"vertical-rl\" href=\"#\" style=\"color: #E53127; font-weight: bold;\"><!-- [et_pb_line_break_holder] -->        Dansk<!-- [et_pb_line_break_holder] -->      <\/a><!-- [et_pb_line_break_holder] -->        <\/ul>\n<p> <!-- [et_pb_line_break_holder] -->  <\/div>\n<p><!-- [et_pb_line_break_holder] --><\/div>\n<p><!-- [et_pb_line_break_holder] --><!-- [et_pb_line_break_holder] -->  <!-- [et_pb_line_break_holder] --><!-- [et_pb_line_break_holder] --><!-- [et_pb_line_break_holder] -->      <!-- [et_pb_line_break_holder] -->    [\/et_pb_fullwidth_code][\/et_pb_section][et_pb_section fb_built=&#8221;1&#8243; disabled_on=&#8221;off|on|on&#8221; _builder_version=&#8221;4.0.6&#8243; custom_padding=&#8221;120px||47px|||&#8221; saved_tabs=&#8221;all&#8221;][et_pb_row _builder_version=&#8221;4.0.6&#8243;][et_pb_column type=&#8221;4_4&#8243; _builder_version=&#8221;4.0.6&#8243;][\/et_pb_column][\/et_pb_row][et_pb_row _builder_version=&#8221;4.0.6&#8243; width=&#8221;100%&#8221; custom_padding=&#8221;50px|10%||10%|false|false&#8221;][et_pb_column type=&#8221;4_4&#8243; _builder_version=&#8221;4.0.2&#8243;][et_pb_text module_class=&#8221;intro-copy&#8221; _builder_version=&#8221;4.0.6&#8243; text_font=&#8221;Roboto||||||||&#8221; text_text_color=&#8221;#000000&#8243; text_font_size=&#8221;18px&#8221; width=&#8221;100%&#8221; custom_margin=&#8221;-2px||0px||false|false&#8221; custom_padding=&#8221;0px|0px|40px||false|false&#8221; custom_css_main_element=&#8221;margin-top: 40px;||width: 85%;&#8221;]<\/p>\n<p class=\"subheadline\">Vores app<\/p>\n<div class=\"red-underline\"><\/div>\n<p class=\"copy\"> Vores udvidelse \u201efriedmann print\u201c til Apples Fotos-app f\u00e5s udelukkende i Mac App Store. Med vores app kan du selv designe fotob\u00f8ger, kalendere og kort direkte i Fotos-appen. Forsendelse af din bestilling sker som regel inden for mindre end en uge. Efter \u00f8nske kan vi levere din bestilling til modtagere i mere end 45 lande.\n<\/p>\n<p><a href=\"https:\/\/apps.apple.com\/app\/friedmann-print\/id1482660936\"><br \/>\n<img decoding=\"async\" src=\"https:\/\/friedmann-photos.com\/wp-content\/uploads\/2019\/11\/badge_DK.png\" width=242px ><\/a>[\/et_pb_text][\/et_pb_column][\/et_pb_row][\/et_pb_section][et_pb_section fb_built=&#8221;1&#8243; disabled_on=&#8221;on|off|off&#8221; _builder_version=&#8221;4.0.6&#8243; custom_margin=&#8221;-1px|||||&#8221; custom_padding=&#8221;120px||0px|||&#8221; saved_tabs=&#8221;all&#8221;][et_pb_row _builder_version=&#8221;4.0.2&#8243;][et_pb_column type=&#8221;4_4&#8243; _builder_version=&#8221;4.0.2&#8243;][et_pb_code _builder_version=&#8221;4.0.2&#8243;]<\/p>\n<div class=\"vector-container\"><!-- [et_pb_line_break_holder] -->  <\/p>\n<div class=\"vector vector1\"><\/div>\n<p><!-- [et_pb_line_break_holder] -->  <\/p>\n<div class=\"vector vector2\"><\/div>\n<p><!-- [et_pb_line_break_holder] -->  <\/p>\n<div class=\"vector vector3\"><\/div>\n<p><!-- [et_pb_line_break_holder] -->  <\/p>\n<div class=\"vector vector4\"><\/div>\n<p><!-- [et_pb_line_break_holder] -->  <\/p>\n<div class=\"vector vector5\"><\/div>\n<p><!-- [et_pb_line_break_holder] -->  <\/p>\n<div class=\"vector vector6\"><\/div>\n<p><!-- [et_pb_line_break_holder] --><\/div>\n<p>[\/et_pb_code][\/et_pb_column][\/et_pb_row][et_pb_row column_structure=&#8221;1_3,2_3&#8243; use_custom_gutter=&#8221;on&#8221; gutter_width=&#8221;2&#8243; _builder_version=&#8221;4.0.4&#8243; custom_padding=&#8221;||4px|10%|false|false&#8221;][et_pb_column type=&#8221;1_3&#8243; _builder_version=&#8221;4.0.2&#8243;][et_pb_text disabled_on=&#8221;on|off|off&#8221; _builder_version=&#8221;4.0.6&#8243; header_line_height=&#8221;0em&#8221; custom_padding=&#8221;|||125px|false|false&#8221;]<\/p>\n<p class=\"subheadline\">Vores app<\/p>\n<div class=\"red-underline\"><\/div>\n<p><img decoding=\"async\" src=\"https:\/\/friedmann-photos.com\/wp-content\/uploads\/2019\/10\/FPDS-Logo-max-red.png\" width=235px >[\/et_pb_text][\/et_pb_column][et_pb_column type=&#8221;2_3&#8243; _builder_version=&#8221;4.0.2&#8243;][et_pb_text module_class=&#8221;intro-copy&#8221; _builder_version=&#8221;4.0.6&#8243; text_font=&#8221;Roboto||||||||&#8221; text_text_color=&#8221;#000000&#8243; text_font_size=&#8221;18px&#8221; width=&#8221;100%&#8221; custom_margin=&#8221;||0px||false|false&#8221; custom_padding=&#8221;|0px|||false|false&#8221; custom_css_main_element=&#8221;margin-top: 40px;||width: 85%;&#8221;]<\/p>\n<p class=\"copy\"> Vores udvidelse \u201efriedmann print\u201c til Apples Fotos-app f\u00e5s udelukkende i Mac App Store. Med vores app kan du selv designe fotob\u00f8ger, kalendere og kort direkte i Fotos-appen. Forsendelse af din bestilling sker som regel inden for mindre end en uge. Efter \u00f8nske kan vi levere din bestilling til modtagere i mere end 45 lande.\n<\/p>\n<p><a href=\"https:\/\/apps.apple.com\/app\/friedmann-print\/id1482660936\"><br \/>\n<img decoding=\"async\" src=\"https:\/\/friedmann-photos.com\/wp-content\/uploads\/2019\/11\/badge_DK.png\" width=242px ><\/a>[\/et_pb_text][\/et_pb_column][\/et_pb_row][\/et_pb_section][et_pb_section fb_built=&#8221;1&#8243; disabled_on=&#8221;on|off|off&#8221; module_class=&#8221;container-rel&#8221; _builder_version=&#8221;4.0.4&#8243; custom_margin=&#8221;||50px||false|false&#8221; custom_padding=&#8221;2px||260px|||&#8221;][et_pb_row admin_label=&#8221;Vector&#8221; _builder_version=&#8221;3.29.3&#8243; custom_padding=&#8221;88px|||||&#8221; saved_tabs=&#8221;all&#8221;][et_pb_column type=&#8221;4_4&#8243; _builder_version=&#8221;3.29.3&#8243;][et_pb_code _builder_version=&#8221;4.0.2&#8243;]<\/p>\n<div class=\"vector-container vector-s\"><!-- [et_pb_line_break_holder] -->  <\/p>\n<div class=\"vector vector1\"><\/div>\n<p><!-- [et_pb_line_break_holder] -->  <\/p>\n<div class=\"vector vector2\"><\/div>\n<p><!-- [et_pb_line_break_holder] -->  <\/p>\n<div class=\"vector vector3\"><\/div>\n<p><!-- [et_pb_line_break_holder] -->  <\/p>\n<div class=\"vector vector4\"><\/div>\n<p><!-- [et_pb_line_break_holder] -->  <\/p>\n<div class=\"vector vector5\"><\/div>\n<p>\t<!-- [et_pb_line_break_holder] -->  <\/p>\n<div class=\"vector vector6\"><\/div>\n<p>\t<!-- [et_pb_line_break_holder] --><\/div>\n<p>[\/et_pb_code][\/et_pb_column][\/et_pb_row][et_pb_row column_structure=&#8221;2_5,3_5&#8243; use_custom_gutter=&#8221;on&#8221; gutter_width=&#8221;1&#8243; module_class=&#8221;container-rel&#8221; _builder_version=&#8221;3.29.3&#8243; width=&#8221;100%&#8221; custom_padding=&#8221;55px|0px||10%|false|false&#8221;][et_pb_column type=&#8221;2_5&#8243; _builder_version=&#8221;3.27.4&#8243;][et_pb_text _builder_version=&#8221;4.4.3&#8243; header_line_height=&#8221;0em&#8221; custom_padding=&#8221;2px|||0px|false|false&#8221;]<\/p>\n<p style=\"padding-bottom: 0;\" class=\"subheadline\"> Produkter <\/p>\n<div class=\"red-underline\"><\/div>\n<p><a id=\"prod-fotobuch\" style=\"padding-top: 30px;\" class=\"pvo-auswahl\" href=\"https:\/\/friedmann-photos.com\/da\/photobook\"> Fotobog <\/a><br \/>\n<a id=\"prod-kalender\" class=\"pvo-auswahl\" href=\"https:\/\/friedmann-photos.com\/da\/calendar\"> Kalendere <\/a><br \/>\n<a id=\"prod-karten\" class=\"pvo-auswahl\" href=\"https:\/\/friedmann-photos.com\/da\/cards\"> Kort <\/a><br \/>\n<a id=\"prod-puzzle\" class=\"pvo-auswahl hide\" href=\"https:\/\/friedmann-photos.com\/da\/cards\"> Kort <\/a>[\/et_pb_text][\/et_pb_column][et_pb_column type=&#8221;3_5&#8243; _builder_version=&#8221;3.27.4&#8243;][et_pb_code _builder_version=&#8221;4.4.3&#8243; custom_padding=&#8221;290px||100px||false|false&#8221; custom_css_main_element=&#8221;width: 85%;&#8221;]<\/p>\n<div class=\"txt-container\"><!-- [et_pb_line_break_holder] -->  <\/p>\n<div id=\"txt-default2\"><!-- [et_pb_line_break_holder] -->    <pee class=\"copy\" >Du kan v\u00e6lge mellem fire sp\u00e6ndende bogformater \u2013 henholdsvis to kvadratiske og to rektangul\u00e6re udf\u00f8relser. En lang r\u00e6kke professionelt designede skabeloner g\u00f8r det nemt for dig at komme i gang med at lave din helt egen fotobog, s\u00e5 du hurtigt opn\u00e5r flotte resultater. Som noget helt s\u00e6rligt kan du tilv\u00e6lge for\u00e6dling af teksterne p\u00e5 omslaget med guldfolie, uden at det koster ekstra.<\/pee><!-- [et_pb_line_break_holder] -->    <a class=\"mehr-erfahren\" href=\"https:\/\/friedmann-photos.com\/da\/photobook\">L\u00e6s mere<\/a><!-- [et_pb_line_break_holder] -->  <\/div>\n<p><!-- [et_pb_line_break_holder] -->  <\/p>\n<div id=\"txt-fotobuch2\"><!-- [et_pb_line_break_holder] -->    <pee class=\"copy\" ><!-- [et_pb_line_break_holder] -->      Du kan v\u00e6lge mellem fire sp\u00e6ndende bogformater \u2013 henholdsvis to kvadratiske og to rektangul\u00e6re udf\u00f8relser. En lang r\u00e6kke professionelt designede skabeloner g\u00f8r det nemt for dig at komme i gang med at lave din helt egen fotobog, s\u00e5 du hurtigt opn\u00e5r flotte resultater. Som noget helt s\u00e6rligt kan du tilv\u00e6lge for\u00e6dling af teksterne p\u00e5 omslaget med guldfolie, uden at det koster ekstra.<!-- [et_pb_line_break_holder] -->    <\/pee><!-- [et_pb_line_break_holder] -->    <a class=\"mehr-erfahren\" href=\"https:\/\/friedmann-photos.com\/da\/photobook\">L\u00e6s mere<\/a><!-- [et_pb_line_break_holder] -->  <\/div>\n<p><!-- [et_pb_line_break_holder] -->  <\/p>\n<div id=\"txt-kalender2\"><!-- [et_pb_line_break_holder] -->    <pee class=\"copy\"><!-- [et_pb_line_break_holder] -->      Ud over de allerede kendte og popul\u00e6re tosidede kalendere kan du nu ogs\u00e5 v\u00e6lge v\u00e6gkalendere i forskellige st\u00f8rrelser fra A4-format til A2-storformat. Alle st\u00f8rrelser f\u00e5s i b\u00e5de h\u00f8jformat og tv\u00e6rformat. Den tosidede kalender udf\u00f8res i et nyt ekstrastort format p\u00e5 35\u00a0x\u00a025\u00a0. Den f\u00f8rsteklasses papirkvalitet g\u00f8r dine kalendere til noget helt s\u00e6rligt.<!-- [et_pb_line_break_holder] -->    <\/pee><!-- [et_pb_line_break_holder] -->    <a class=\"mehr-erfahren\" href=\"https:\/\/friedmann-photos.com\/da\/calendar\">L\u00e6s mere<\/a><!-- [et_pb_line_break_holder] -->  <\/div>\n<p><!-- [et_pb_line_break_holder] -->  <\/p>\n<div id=\"txt-karten2\"><!-- [et_pb_line_break_holder] -->    <pee class=\"copy\"><!-- [et_pb_line_break_holder] -->      Til personlige lejlighedskort med individuelt design kan du v\u00e6lge mellem postkort og foldekort. Kortene trykkes p\u00e5 f\u00f8rsteklasses 300-g-papir, og ligesom vores fotob\u00f8ger kan de efter \u00f8nske for\u00e6dles med guldfolie p\u00e5 ydersiden.<!-- [et_pb_line_break_holder] -->    <\/pee><!-- [et_pb_line_break_holder] -->    <a class=\"mehr-erfahren\" href=\"https:\/\/friedmann-photos.com\/da\/cards\">L\u00e6s mere<\/a><!-- [et_pb_line_break_holder] -->  <\/div>\n<p><!-- [et_pb_line_break_holder] -->    <\/p>\n<div id=\"txt-puzzle2\"><!-- [et_pb_line_break_holder] -->    <pee class=\"copy hide\"><!-- [et_pb_line_break_holder] -->      Til personlige lejlighedskort med individuelt design kan du v\u00e6lge mellem postkort og foldekort. Kortene trykkes p\u00e5 f\u00f8rsteklasses 300-g-papir, og ligesom vores fotob\u00f8ger kan de efter \u00f8nske for\u00e6dles med guldfolie p\u00e5 ydersiden.<!-- [et_pb_line_break_holder] -->    <\/pee><!-- [et_pb_line_break_holder] -->    <a class=\"mehr-erfahren\" href=\"https:\/\/friedmann-photos.com\/da\/cards\">L\u00e6s mere<\/a><!-- [et_pb_line_break_holder] -->  <\/div>\n<p><!-- [et_pb_line_break_holder] -->  <!-- [et_pb_line_break_holder] --><\/div>\n<p>[\/et_pb_code][\/et_pb_column][\/et_pb_row][\/et_pb_section][et_pb_section fb_built=&#8221;1&#8243; disabled_on=&#8221;off|on|on&#8221; module_class=&#8221;container-rel&#8221; _builder_version=&#8221;4.0.4&#8243; custom_margin=&#8221;||50px||false|false&#8221; custom_padding=&#8221;16px||0px|||&#8221;][et_pb_row use_custom_gutter=&#8221;on&#8221; gutter_width=&#8221;1&#8243; module_class=&#8221;container-rel&#8221; _builder_version=&#8221;3.29.3&#8243; width=&#8221;100%&#8221; custom_margin=&#8221;-1px|auto||auto||&#8221; custom_padding=&#8221;55px|0px||10%|false|false&#8221;][et_pb_column type=&#8221;4_4&#8243; _builder_version=&#8221;3.27.4&#8243;][et_pb_text _builder_version=&#8221;4.0.6&#8243; header_line_height=&#8221;0em&#8221; custom_padding=&#8221;2px|||0px|false|false&#8221;]<\/p>\n<p style=\"padding-bottom: 0;\" class=\"subheadline\"> Produkter<\/p>\n<div class=\"red-underline\"><\/div>\n<p>[\/et_pb_text][et_pb_text _builder_version=&#8221;4.0.6&#8243; custom_padding=&#8221;||75px||false|false&#8221;]<\/p>\n<h3>Fotobog<\/h3>\n<p class=\"copy\"> Du kan v\u00e6lge mellem fire sp\u00e6ndende bogformater \u2013 henholdsvis to kvadratiske og to rektangul\u00e6re udf\u00f8relser. En lang r\u00e6kke professionelt designede skabeloner g\u00f8r det nemt for dig at komme i gang med at lave din helt egen fotobog, s\u00e5 du hurtigt opn\u00e5r flotte resultater. Som noget helt s\u00e6rligt kan du tilv\u00e6lge for\u00e6dling af teksterne p\u00e5 omslaget med guldfolie, uden at det koster ekstra. <\/p>\n<p> <a class=\"mehr-erfahren\" href=\"https:\/\/friedmann-photos.com\/da\/photobook\"> L\u00e6s mere <\/a>[\/et_pb_text][et_pb_text _builder_version=&#8221;4.0.6&#8243; custom_padding=&#8221;||75px||false|false&#8221;]<\/p>\n<h3>Kalendere<\/h3>\n<p class=\"copy\"> Ud over de allerede kendte og popul\u00e6re tosidede kalendere kan du nu ogs\u00e5 v\u00e6lge v\u00e6gkalendere i forskellige st\u00f8rrelser fra A4-format til A2-storformat. Alle st\u00f8rrelser f\u00e5s i b\u00e5de h\u00f8jformat og tv\u00e6rformat. Den tosidede kalender udf\u00f8res i et nyt ekstrastort format p\u00e5 35\u00a0x\u00a025\u00a0. Den f\u00f8rsteklasses papirkvalitet g\u00f8r dine kalendere til noget helt s\u00e6rligt. <\/p>\n<p> <a class=\"mehr-erfahren\" href=\"https:\/\/friedmann-photos.com\/da\/calendar\">L\u00e6s mere<\/a>[\/et_pb_text][et_pb_text _builder_version=&#8221;4.0.6&#8243;]<\/p>\n<h3>Kort<\/h3>\n<p class=\"copy\"> Til personlige lejlighedskort med individuelt design kan du v\u00e6lge mellem postkort og foldekort. Kortene trykkes p\u00e5 f\u00f8rsteklasses 300-g-papir, og ligesom vores fotob\u00f8ger kan de efter \u00f8nske for\u00e6dles med guldfolie p\u00e5 ydersiden. <\/p>\n<p> <a class=\"mehr-erfahren\" href=\"https:\/\/friedmann-photos.com\/cards\">L\u00e6s mere<\/a>[\/et_pb_text][\/et_pb_column][\/et_pb_row][\/et_pb_section][et_pb_section fb_built=&#8221;1&#8243; fullwidth=&#8221;on&#8221; disabled_on=&#8221;on|on|on&#8221; _builder_version=&#8221;4.0.4&#8243; custom_margin=&#8221;100px||50px||false|false&#8221; custom_padding=&#8221;0px||||false|false&#8221; animation_style=&#8221;slide&#8221; animation_direction=&#8221;right&#8221; animation_duration=&#8221;750ms&#8221; animation_intensity_slide=&#8221;15%&#8221; animation_speed_curve=&#8221;ease&#8221; custom_css_main_element=&#8221;overflow: hidden !important;&#8221; disabled=&#8221;on&#8221;][et_pb_fullwidth_code disabled_on=&#8221;off|off|off&#8221; _builder_version=&#8221;4.0.2&#8243; custom_margin=&#8221;-96px|||||&#8221; custom_css_main_element=&#8221;text-align: right;||font-weight: bold;||font-size: 400px;||letter-spacing: -30px;||&#8221;]<pee class=\"headline reference\"><!-- [et_pb_line_break_holder] -->  ApplePDF<!-- [et_pb_line_break_holder] --><\/pee><!-- [et_pb_line_break_holder] -->[\/et_pb_fullwidth_code][\/et_pb_section][et_pb_section fb_built=&#8221;1&#8243; fullwidth=&#8221;on&#8221; disabled_on=&#8221;on|on|on&#8221; _builder_version=&#8221;4.0.4&#8243; custom_margin=&#8221;100px||50px||false|false&#8221; custom_padding=&#8221;200px||||false|false&#8221; animation_style=&#8221;slide&#8221; animation_direction=&#8221;right&#8221; animation_duration=&#8221;750ms&#8221; animation_intensity_slide=&#8221;15%&#8221; animation_speed_curve=&#8221;ease&#8221; custom_css_main_element=&#8221;overflow: hidden !important;&#8221; disabled=&#8221;on&#8221;][et_pb_fullwidth_code disabled_on=&#8221;off|off|off&#8221; _builder_version=&#8221;4.0.2&#8243; custom_margin=&#8221;-96px|||||&#8221; custom_css_main_element=&#8221;text-align: right;||font-weight: bold;||font-size: 400px;||letter-spacing: -30px;||&#8221;]<pee class=\"headline reference\"><!-- [et_pb_line_break_holder] -->  ApplePDF<!-- [et_pb_line_break_holder] --><\/pee><!-- [et_pb_line_break_holder] -->[\/et_pb_fullwidth_code][\/et_pb_section][et_pb_section fb_built=&#8221;1&#8243; disabled_on=&#8221;on|on|on&#8221; _builder_version=&#8221;4.0.6&#8243; background_color=&#8221;#E53127&#8243; custom_margin=&#8221;-6px|||||&#8221; disabled=&#8221;on&#8221;][et_pb_row _builder_version=&#8221;3.29.3&#8243;][et_pb_column type=&#8221;4_4&#8243; _builder_version=&#8221;3.29.3&#8243;][et_pb_code _builder_version=&#8221;4.0.2&#8243; background_color=&#8221;#E53127&#8243; custom_margin=&#8221;||40px|||&#8221; custom_padding=&#8221;31px|||||&#8221;]       <pee  class=\" pvo-white\" style=\"font-weight: bold; line-height: 125%; letter-spacing: -0.04em; font-size: 36px !important; padding-left: 10%; margin-top: 10%;\"><img decoding=\"async\" style=\"float: left; height: 20px; margin-left: -12%; margin-top: 2%\" src=\"https:\/\/friedmann-photos.com\/wp-content\/uploads\/2019\/10\/crosshair-white.png\">Mit einem Apple <!\u2013- [et_pb_br_holder] -\u2013>PDF bestellen<\/pee><!-- [et_pb_line_break_holder] -->        <pee style=\"font-size: 20px; line-height: 150%; letter-spacing: -0.01em; padding-bottom: 50px;\" class=\" pvo-white\">Sie verwenden iPhoto, oder Fotos in den Versionen 1-3 und haben Ihr Fotobuch direkt mit den alten Apple Funktionen erstellt? Kein Problem!<!-- [et_pb_line_break_holder] -->Apple hat am 30.9.2018 die Produktion die Bestellm\u00f6glichkeit von Fotob\u00fcchern eingestellt, wir bieten Ihnen aber die M\u00f6glichkeit mit diesen PDF-Dateien noch Ihre B\u00fccher, Kalender und Karten nachzubestellen. F\u00fcr die Zukunft empfehlen wir Ihnen aber den Wechsel auf unsere direkte Erweiterung aus dem App Store.<!-- [et_pb_line_break_holder] --><\/pee><!-- [et_pb_line_break_holder] --><a style=\"color: white; font-size: 16px; font-weight: bold;\" href=\"#\"><img decoding=\"async\" style=\"height: 12px; padding-right: 16px;\" src=\"https:\/\/friedmann-photos.com\/wp-content\/uploads\/2019\/10\/FPDS-Pfeil-Wei\u00df.png\">Mehr erfahren<\/a>[\/et_pb_code][\/et_pb_column][\/et_pb_row][\/et_pb_section][et_pb_section fb_built=&#8221;1&#8243; disabled_on=&#8221;on|on|on&#8221; _builder_version=&#8221;4.0.6&#8243; custom_padding=&#8221;120px||0px|||&#8221; disabled=&#8221;on&#8221;][et_pb_row module_id=&#8221;rote-box&#8221; _builder_version=&#8221;4.0.4&#8243; custom_padding=&#8221;101px||200px|||&#8221;][et_pb_column type=&#8221;4_4&#8243; _builder_version=&#8221;3.29.3&#8243;][et_pb_code _builder_version=&#8221;4.0.4&#8243; text_orientation=&#8221;left&#8221; custom_margin=&#8221;|||-7px||&#8221; custom_padding=&#8221;|||3px||&#8221; custom_css_main_element=&#8221;display: flex;||justify-content: flex-end;&#8221;]<\/p>\n<div class=\"arbeiten-container\" >\n<div class=\"akzent-container-top2\"><!-- [et_pb_line_break_holder] -->    <span class=\"pvo-akzent1\"><\/span><!-- [et_pb_line_break_holder] -->    <span class=\"pvo-akzent2\"><\/span><!-- [et_pb_line_break_holder] -->  <\/div>\n<p><!-- [et_pb_line_break_holder] -->  <\/p>\n<div class=\"akzent-container-bottom2\"><!-- [et_pb_line_break_holder] -->    <span class=\"pvo-akzent3\"><\/span><!-- [et_pb_line_break_holder] -->    <span class=\"pvo-akzent4\"><\/span><!-- [et_pb_line_break_holder] -->  <\/div>\n<p><!-- [et_pb_line_break_holder] -->  <span class=\"pseudo\" style=\"margin-left: -20px !important\">Apple PDF Bestellung<img decoding=\"async\" src=\"https:\/\/friedmann-photos.com\/wp-content\/uploads\/2019\/09\/icon-friedmann.svg\"><\/span><!-- [et_pb_line_break_holder] -->  <\/p>\n<div class=\"left pvo-flex\"><!-- [et_pb_line_break_holder] -->    <\/p>\n<div class=\"content\"><!-- [et_pb_line_break_holder] -->      <\/p>\n<div class=\"content-copy\"><!-- [et_pb_line_break_holder] -->        <pee  class=\" pvo-white\" style=\"font-weight: bold; line-height: 95%; letter-spacing: -0.04em; font-size: 48px;\">Mit einem Apple<!\u2013- [et_pb_br_holder] -\u2013>PDF bestellen<\/pee><!-- [et_pb_line_break_holder] -->        <pee style=\"font-size: 20px; line-height: 150%; letter-spacing: -0.01em;\" class=\" pvo-white\">Sie verwenden iPhoto, oder Fotos in den Versionen 1-3 und haben Ihr Fotobuch direkt mit den alten Apple Funktionen erstellt? Kein Problem!<!-- [et_pb_line_break_holder] -->Apple hat am 30.9.2018 die Produktion die Bestellm\u00f6glichkeit von Fotob\u00fcchern eingestellt, wir bieten Ihnen aber die M\u00f6glichkeit mit diesen PDF-Dateien noch Ihre B\u00fccher, Kalender und Karten nachzubestellen. F\u00fcr die Zukunft empfehlen wir Ihnen aber den Wechsel auf unsere direkte Erweiterung aus dem App Store.<!-- [et_pb_line_break_holder] -->        <\/pee><!-- [et_pb_line_break_holder] -->      <\/div>\n<p><!-- [et_pb_line_break_holder] -->      <\/p>\n<div class=\"anchor-content\"><!-- [et_pb_line_break_holder] -->          <a class=\"mehr-erfahren\" href=\"#\" style=\"border: 2px solid white; color: white;\">Mehr erfahren<\/a><!-- [et_pb_line_break_holder] -->      <\/div>\n<p><!-- [et_pb_line_break_holder] -->    <\/div>\n<p><!-- [et_pb_line_break_holder] -->  <\/div>\n<p><!-- [et_pb_line_break_holder] -->  <\/p>\n<div class=\"right pvo-flex\"><!-- [et_pb_line_break_holder] -->    <!-- [et_pb_line_break_holder] -->  <\/div>\n<p><!-- [et_pb_line_break_holder] --><\/div>\n<p>[\/et_pb_code][\/et_pb_column][\/et_pb_row][\/et_pb_section][et_pb_section fb_built=&#8221;1&#8243; disabled_on=&#8221;on|off|off&#8221; _builder_version=&#8221;4.0.4&#8243; custom_padding=&#8221;0px|||||&#8221;][et_pb_row _builder_version=&#8221;4.0.4&#8243;][et_pb_column type=&#8221;4_4&#8243; _builder_version=&#8221;4.0.4&#8243;][et_pb_code _builder_version=&#8221;4.0.4&#8243;]<\/p>\n<div id=\"mo-akzidenzen\"><!-- [et_pb_line_break_holder] -->  <!-- [et_pb_line_break_holder] --><\/div>\n<p><!-- [et_pb_line_break_holder] --><\/p>\n<div id=\"mo-spielkarten\"><!-- [et_pb_line_break_holder] -->  <!-- [et_pb_line_break_holder] --><\/div>\n<p><!-- [et_pb_line_break_holder] --><\/p>\n<div id=\"mo-kalender\"><!-- [et_pb_line_break_holder] -->  <!-- [et_pb_line_break_holder] --><\/div>\n<p><!-- [et_pb_line_break_holder] --><\/p>\n<div id=\"mo-puzzle\"><!-- [et_pb_line_break_holder] -->  <!-- [et_pb_line_break_holder] --><\/div>\n<p>[\/et_pb_code][\/et_pb_column][\/et_pb_row][\/et_pb_section][et_pb_section fb_built=&#8221;1&#8243; fullwidth=&#8221;on&#8221; disabled_on=&#8221;off|on|on&#8221; _builder_version=&#8221;4.0.2&#8243;][et_pb_fullwidth_code _builder_version=&#8221;4.4.5&#8243; hover_enabled=&#8221;0&#8243;]<\/p>\n<div class=\"pvo-footer-container-mobile\" style=\"background-color: #282828 !important;\"><!-- [et_pb_line_break_holder] --> \t\t\t<\/p>\n<div class=\"footer-left\"><!-- [et_pb_line_break_holder] -->    \t\t\t<\/p>\n<ul><!-- [et_pb_line_break_holder] -->     \t\t\t\t<\/p>\n<li class=\"pvo-logo-container\"><img decoding=\"async\" src=\"https:\/\/friedmann-photos.com\/wp-content\/uploads\/2019\/08\/FPDS-logo-white.png\" style=\"height: 40px; width: auto;\"><\/li>\n<p><!-- [et_pb_line_break_holder] -->   \t\t\t\t<\/ul>\n<p><!-- [et_pb_line_break_holder] -->  \t\t\t<\/div>\n<p><!-- [et_pb_line_break_holder] -->  \t\t\t<\/p>\n<div class=\"footer-right\"><!-- [et_pb_line_break_holder] -->  \t\t\t\t <pee class=\"pvo-white roboto\" style=\"font-weight: bold; font-size: letter-spacing: -0.04em; font-size: 18px !important;\"><!-- [et_pb_line_break_holder] -->     Innovation<!\u2013- [et_pb_br_holder] -\u2013>is our<!\u2013- [et_pb_br_holder] -\u2013><span class=\"roboto\" style=\"margin-left: 24%\">passion.<\/span><!-- [et_pb_line_break_holder] -->    \t\t\t<\/pee><!-- [et_pb_line_break_holder] -->  \t\t\t<\/div>\n<p><!-- [et_pb_line_break_holder] -->\t\t<\/div>\n<p>[\/et_pb_fullwidth_code][\/et_pb_section]<\/p>\n","protected":false},"excerpt":{"rendered":"<p>Vores app Vores udvidelse \u201efriedmann print\u201c til Apples Fotos-app f\u00e5s udelukkende i Mac App Store. Med vores app kan du selv designe fotob\u00f8ger, kalendere og kort direkte i Fotos-appen. Forsendelse af din bestilling sker som regel inden for mindre end en uge. Efter \u00f8nske kan vi levere din bestilling til modtagere i mere end 45 [&hellip;]<\/p>\n","protected":false},"author":3,"featured_media":0,"parent":0,"menu_order":0,"comment_status":"closed","ping_status":"closed","template":"","meta":{"_et_pb_use_builder":"on","_et_pb_old_content":"","_et_gb_content_width":"","inline_featured_image":false,"footnotes":""},"class_list":["post-5180","page","type-page","status-publish","hentry"],"_links":{"self":[{"href":"https:\/\/friedmann-photos.com\/da\/wp-json\/wp\/v2\/pages\/5180","targetHints":{"allow":["GET"]}}],"collection":[{"href":"https:\/\/friedmann-photos.com\/da\/wp-json\/wp\/v2\/pages"}],"about":[{"href":"https:\/\/friedmann-photos.com\/da\/wp-json\/wp\/v2\/types\/page"}],"author":[{"embeddable":true,"href":"https:\/\/friedmann-photos.com\/da\/wp-json\/wp\/v2\/users\/3"}],"replies":[{"embeddable":true,"href":"https:\/\/friedmann-photos.com\/da\/wp-json\/wp\/v2\/comments?post=5180"}],"version-history":[{"count":9,"href":"https:\/\/friedmann-photos.com\/da\/wp-json\/wp\/v2\/pages\/5180\/revisions"}],"predecessor-version":[{"id":6546,"href":"https:\/\/friedmann-photos.com\/da\/wp-json\/wp\/v2\/pages\/5180\/revisions\/6546"}],"wp:attachment":[{"href":"https:\/\/friedmann-photos.com\/da\/wp-json\/wp\/v2\/media?parent=5180"}],"curies":[{"name":"wp","href":"https:\/\/api.w.org\/{rel}","templated":true}]}}