{"id":4956,"date":"2019-11-16T14:50:23","date_gmt":"2019-11-16T14:50:23","guid":{"rendered":"https:\/\/friedmann-photos.com\/?page_id=4956"},"modified":"2020-07-06T14:01:31","modified_gmt":"2020-07-06T14:01:31","slug":"home","status":"publish","type":"page","link":"https:\/\/friedmann-photos.com\/en","title":{"rendered":"Home"},"content":{"rendered":"<p>[et_pb_section fb_built=&#8221;1&#8243; fullwidth=&#8221;on&#8221; _builder_version=&#8221;4.0.6&#8243;][et_pb_fullwidth_code disabled_on=&#8221;off|off|off&#8221; module_class=&#8221;hero-container-home&#8221; _builder_version=&#8221;4.0.6&#8243;]<\/p>\n<div class=\"pvo-hero-container\"><!-- [et_pb_line_break_holder] -->  <\/p>\n<div class=\"pvo-hero-left pvo-flex\" ><!-- [et_pb_line_break_holder] -->    <img decoding=\"async\" src=\"https:\/\/friedmann-photos.com\/wp-content\/uploads\/2019\/08\/FPDS-logo-max.png\"><!-- [et_pb_line_break_holder] -->  <\/div>\n<p><!-- [et_pb_line_break_holder] -->  <\/p>\n<div class=\"pvo-hero-right\"><!-- [et_pb_line_break_holder] -->    <\/p>\n<div clas=\"aside-container\"> <!-- [et_pb_line_break_holder] -->      <\/p>\n<ul class=\"lang-ul\"><!-- [et_pb_line_break_holder] -->        <\/p>\n<li><span class=\"divider\"><\/span><\/li>\n<p><!-- [et_pb_line_break_holder] -->      <\/p>\n<li><a class=\"vertical-rl\" href=\"#\" style=\"color: #E53127; font-weight: bold;\"><!-- [et_pb_line_break_holder] -->        English<!-- [et_pb_line_break_holder] -->      <\/a><!-- [et_pb_line_break_holder] -->        <\/ul>\n<p> <!-- [et_pb_line_break_holder] -->  <\/div>\n<p><!-- [et_pb_line_break_holder] --><\/div>\n<p><!-- [et_pb_line_break_holder] --><!-- [et_pb_line_break_holder] -->  <!-- [et_pb_line_break_holder] --><!-- [et_pb_line_break_holder] --><!-- [et_pb_line_break_holder] -->      <!-- [et_pb_line_break_holder] -->    [\/et_pb_fullwidth_code][\/et_pb_section][et_pb_section fb_built=&#8221;1&#8243; disabled_on=&#8221;off|on|on&#8221; _builder_version=&#8221;4.0.6&#8243; custom_padding=&#8221;120px||47px|||&#8221; saved_tabs=&#8221;all&#8221;][et_pb_row _builder_version=&#8221;4.0.6&#8243;][et_pb_column type=&#8221;4_4&#8243; _builder_version=&#8221;4.0.6&#8243;][\/et_pb_column][\/et_pb_row][et_pb_row _builder_version=&#8221;4.0.6&#8243; width=&#8221;100%&#8221; custom_padding=&#8221;50px|10%||10%|false|false&#8221;][et_pb_column type=&#8221;4_4&#8243; _builder_version=&#8221;4.0.2&#8243;][et_pb_text module_class=&#8221;intro-copy&#8221; _builder_version=&#8221;4.4.9&#8243; text_font=&#8221;Roboto||||||||&#8221; text_text_color=&#8221;#000000&#8243; text_font_size=&#8221;18px&#8221; width=&#8221;100%&#8221; custom_margin=&#8221;-2px||0px||false|false&#8221; custom_padding=&#8221;0px|0px|40px||false|false&#8221; custom_css_main_element=&#8221;margin-top: 40px;||width: 85%;&#8221;]<\/p>\n<p class=\"subheadline\">Our App<\/p>\n<div class=\"red-underline\"><\/div>\n<p class=\"copy\">Our extension &#8220;friedmann print&#8221; for the Apple Photos App is exclusively available in the Mac App Store. Our app allows you to design photo books, calendars, and cards directly within the Photos App. Your order will usually be shipped in less than a week. We deliver your order to more than 45 countries upon request.\n<\/p>\n<p><a href=\"https:\/\/apps.apple.com\/app\/friedmann-print\/id1482660936\"><br \/>\n<img decoding=\"async\" src=\"https:\/\/friedmann-photos.com\/wp-content\/uploads\/2019\/11\/badge_US.png\" width=242px ><\/a>[\/et_pb_text][\/et_pb_column][\/et_pb_row][\/et_pb_section][et_pb_section fb_built=&#8221;1&#8243; disabled_on=&#8221;on|off|off&#8221; _builder_version=&#8221;4.0.6&#8243; custom_margin=&#8221;-1px|||||&#8221; custom_padding=&#8221;120px||0px|||&#8221; saved_tabs=&#8221;all&#8221;][et_pb_row _builder_version=&#8221;4.0.2&#8243;][et_pb_column type=&#8221;4_4&#8243; _builder_version=&#8221;4.0.2&#8243;][et_pb_code _builder_version=&#8221;4.0.2&#8243;]<\/p>\n<div class=\"vector-container\"><!-- [et_pb_line_break_holder] -->  <\/p>\n<div class=\"vector vector1\"><\/div>\n<p><!-- [et_pb_line_break_holder] -->  <\/p>\n<div class=\"vector vector2\"><\/div>\n<p><!-- [et_pb_line_break_holder] -->  <\/p>\n<div class=\"vector vector3\"><\/div>\n<p><!-- [et_pb_line_break_holder] -->  <\/p>\n<div class=\"vector vector4\"><\/div>\n<p><!-- [et_pb_line_break_holder] -->  <\/p>\n<div class=\"vector vector5\"><\/div>\n<p><!-- [et_pb_line_break_holder] -->  <\/p>\n<div class=\"vector vector6\"><\/div>\n<p><!-- [et_pb_line_break_holder] --><\/div>\n<p>[\/et_pb_code][\/et_pb_column][\/et_pb_row][et_pb_row column_structure=&#8221;1_3,2_3&#8243; use_custom_gutter=&#8221;on&#8221; gutter_width=&#8221;2&#8243; _builder_version=&#8221;4.0.4&#8243; custom_padding=&#8221;||4px|10%|false|false&#8221;][et_pb_column type=&#8221;1_3&#8243; _builder_version=&#8221;4.0.2&#8243;][et_pb_text disabled_on=&#8221;on|off|off&#8221; _builder_version=&#8221;4.0.6&#8243; header_line_height=&#8221;0em&#8221; custom_padding=&#8221;|||125px|false|false&#8221;]<\/p>\n<p class=\"subheadline\">Our App<\/p>\n<div class=\"red-underline\"><\/div>\n<p><img decoding=\"async\" src=\"https:\/\/friedmann-photos.com\/wp-content\/uploads\/2019\/10\/FPDS-Logo-max-red.png\" width=235px >[\/et_pb_text][\/et_pb_column][et_pb_column type=&#8221;2_3&#8243; _builder_version=&#8221;4.0.2&#8243;][et_pb_text module_class=&#8221;intro-copy&#8221; _builder_version=&#8221;4.4.9&#8243; text_font=&#8221;Roboto||||||||&#8221; text_text_color=&#8221;#000000&#8243; text_font_size=&#8221;18px&#8221; width=&#8221;100%&#8221; custom_margin=&#8221;||0px||false|false&#8221; custom_padding=&#8221;|0px|||false|false&#8221; custom_css_main_element=&#8221;margin-top: 40px;||width: 85%;&#8221;]<\/p>\n<p class=\"copy\">Our extension &#8220;friedmann print&#8221; for the Apple Photos App is exclusively available in the Mac App Store. Our app allows you to design photo books, calendars, and cards directly within the Photos App. Your order will usually be shipped in less than a week. We deliver your order to more than 45 countries upon request.\n<\/p>\n<p><a href=\"https:\/\/apps.apple.com\/app\/friedmann-print\/id1482660936\"><br \/>\n<img decoding=\"async\" src=\"https:\/\/friedmann-photos.com\/wp-content\/uploads\/2019\/11\/badge_US.png\" width=242px ><\/a>[\/et_pb_text][\/et_pb_column][\/et_pb_row][\/et_pb_section][et_pb_section fb_built=&#8221;1&#8243; disabled_on=&#8221;on|off|off&#8221; module_class=&#8221;container-rel&#8221; _builder_version=&#8221;4.0.4&#8243; custom_margin=&#8221;||50px||false|false&#8221; custom_padding=&#8221;2px||260px|||&#8221;][et_pb_row admin_label=&#8221;Vector&#8221; _builder_version=&#8221;3.29.3&#8243; custom_padding=&#8221;88px|||||&#8221; saved_tabs=&#8221;all&#8221;][et_pb_column type=&#8221;4_4&#8243; _builder_version=&#8221;3.29.3&#8243;][et_pb_code _builder_version=&#8221;4.0.2&#8243;]<\/p>\n<div class=\"vector-container vector-s\"><!-- [et_pb_line_break_holder] -->  <\/p>\n<div class=\"vector vector1\"><\/div>\n<p><!-- [et_pb_line_break_holder] -->  <\/p>\n<div class=\"vector vector2\"><\/div>\n<p><!-- [et_pb_line_break_holder] -->  <\/p>\n<div class=\"vector vector3\"><\/div>\n<p><!-- [et_pb_line_break_holder] -->  <\/p>\n<div class=\"vector vector4\"><\/div>\n<p><!-- [et_pb_line_break_holder] -->  <\/p>\n<div class=\"vector vector5\"><\/div>\n<p>\t<!-- [et_pb_line_break_holder] -->  <\/p>\n<div class=\"vector vector6\"><\/div>\n<p>\t<!-- [et_pb_line_break_holder] --><\/div>\n<p>[\/et_pb_code][\/et_pb_column][\/et_pb_row][et_pb_row column_structure=&#8221;2_5,3_5&#8243; use_custom_gutter=&#8221;on&#8221; gutter_width=&#8221;1&#8243; module_class=&#8221;container-rel&#8221; _builder_version=&#8221;3.29.3&#8243; width=&#8221;100%&#8221; custom_padding=&#8221;55px|0px||10%|false|false&#8221;][et_pb_column type=&#8221;2_5&#8243; _builder_version=&#8221;3.27.4&#8243;][et_pb_text _builder_version=&#8221;4.4.3&#8243; header_line_height=&#8221;0em&#8221; custom_padding=&#8221;2px|||0px|false|false&#8221;]<\/p>\n<p style=\"padding-bottom: 0;\" class=\"subheadline\">Products<\/p>\n<div class=\"red-underline\"><\/div>\n<p><a id=\"prod-fotobuch\" style=\"padding-top: 30px;\" class=\"pvo-auswahl\" href=\"https:\/\/friedmann-photos.com\/en\/photobook\">Photo book<\/a><br \/>\n<a id=\"prod-kalender\" class=\"pvo-auswahl\" href=\"https:\/\/friedmann-photos.com\/en\/calendar\">Calendar<\/a><br \/>\n<a id=\"prod-karten\" class=\"pvo-auswahl\" href=\"https:\/\/friedmann-photos.com\/en\/cards\">Cards<\/a><br \/>\n<a id=\"prod-puzzle\" class=\"pvo-auswahl\" href=\"https:\/\/friedmann-photos.com\/en\/puzzle\">Puzzle<\/a>[\/et_pb_text][\/et_pb_column][et_pb_column type=&#8221;3_5&#8243; _builder_version=&#8221;3.27.4&#8243;][et_pb_code _builder_version=&#8221;4.4.9&#8243; custom_padding=&#8221;290px||100px||false|false&#8221; hover_enabled=&#8221;0&#8243; custom_css_main_element=&#8221;width: 85%;&#8221;]<\/p>\n<div class=\"txt-container\"><!-- [et_pb_line_break_holder] -->  <\/p>\n<div id=\"txt-default2\"><!-- [et_pb_line_break_holder] -->    <pee class=\"copy\" >Select from four exciting book sizes\u2014two square and two landscape formats. Our large collection of professionally designed templates will get you started on your creative venture and help you see results quickly. We are also offering you the option, at no extra cost, to enhance any text on your book cover with gold foil finish.<\/pee><!-- [et_pb_line_break_holder] -->    <a class=\"mehr-erfahren\" href=\"https:\/\/friedmann-photos.com\/en\/photobook\">Read more<\/a><!-- [et_pb_line_break_holder] -->  <\/div>\n<p><!-- [et_pb_line_break_holder] -->  <\/p>\n<div id=\"txt-fotobuch2\"><!-- [et_pb_line_break_holder] -->    <pee class=\"copy\" ><!-- [et_pb_line_break_holder] -->      You can choose between four exciting book formats &#8211; two square and two horizontal formats are available. Several professionally designed templates make it easy for you to start designing your book and help you make quick progress. An optional and free special feature is the possibility of adding gold foil finishing to texts on the book cover.<!-- [et_pb_line_break_holder] -->    <\/pee><!-- [et_pb_line_break_holder] -->    <a class=\"mehr-erfahren\" href=\"https:\/\/friedmann-photos.com\/en\/photobook\">Read more<\/a><!-- [et_pb_line_break_holder] -->  <\/div>\n<p><!-- [et_pb_line_break_holder] -->  <\/p>\n<div id=\"txt-kalender2\"><!-- [et_pb_line_break_holder] -->    <pee class=\"copy\"><!-- [et_pb_line_break_holder] -->      In addition to the folding calendars already known from the past, wall calendars are now also available for you to design in the formats DIN-A4 to DIN-A2, each in both portrait and landscape format. The folding calendar is also available in the new extra-large format of 35x25cm. The highest quality materials will make your calendar something truly exceptional.<!-- [et_pb_line_break_holder] -->    <\/pee><!-- [et_pb_line_break_holder] -->    <a class=\"mehr-erfahren\" href=\"https:\/\/friedmann-photos.com\/en\/calendar\">Read more<\/a><!-- [et_pb_line_break_holder] -->  <\/div>\n<p><!-- [et_pb_line_break_holder] -->  <\/p>\n<div id=\"txt-karten2\"><!-- [et_pb_line_break_holder] -->    <pee class=\"copy\"><!-- [et_pb_line_break_holder] -->      Besides postcards, we also offer folding cards for individualization. The cards are printed on high-quality 300g paper and can optionally be printed, like our photo books, with a gold foil finish on the outside.<!-- [et_pb_line_break_holder] -->    <\/pee><!-- [et_pb_line_break_holder] -->    <a class=\"mehr-erfahren\" href=\"https:\/\/friedmann-photos.com\/en\/cards\">Read more<\/a><!-- [et_pb_line_break_holder] -->  <\/div>\n<p><!-- [et_pb_line_break_holder] -->   <\/p>\n<div id=\"txt-puzzle2\"><!-- [et_pb_line_break_holder] -->    <pee class=\"copy\"><!-- [et_pb_line_break_holder] -->     You would like to order an individual premium puzzle with a photo of your choice? With our &#8220;Your personal Photo Puzzle&#8221; app this is very easy: select the right picture, put it into the correct position and order your puzzle. We produce 1000 pieces and 500 pieces puzzles. The puzzle is displayed for preview in 3D. Even an augmented reality preview is available. Your photo puzzle is printed on linen embossed paper, which is laminated onto a blue premium puzzle cardboard with a thickness of 1.9mm. The puzzle is delivered in a puzzle box individually printed with your picture. Friedmann Print is a subsidiary of the LUDO FACT Group. Around 750 employees work in the group of companies at eight locations worldwide. The group produces more than 17 million board games and puzzles per year. Order from the experts!<!-- [et_pb_line_break_holder] -->    <\/pee><!-- [et_pb_line_break_holder] -->    <a class=\"mehr-erfahren\" href=\"https:\/\/friedmann-photos.com\/en\/puzzle\">Read more<\/a><!-- [et_pb_line_break_holder] -->  <\/div>\n<p><!-- [et_pb_line_break_holder] -->  <!-- [et_pb_line_break_holder] --><\/div>\n<p>[\/et_pb_code][\/et_pb_column][\/et_pb_row][\/et_pb_section][et_pb_section fb_built=&#8221;1&#8243; disabled_on=&#8221;off|on|on&#8221; module_class=&#8221;container-rel&#8221; _builder_version=&#8221;4.0.4&#8243; custom_margin=&#8221;||50px||false|false&#8221; custom_padding=&#8221;16px||0px|||&#8221;][et_pb_row use_custom_gutter=&#8221;on&#8221; gutter_width=&#8221;1&#8243; module_class=&#8221;container-rel&#8221; _builder_version=&#8221;3.29.3&#8243; width=&#8221;100%&#8221; custom_margin=&#8221;-1px|auto||auto||&#8221; custom_padding=&#8221;55px|0px||10%|false|false&#8221;][et_pb_column type=&#8221;4_4&#8243; _builder_version=&#8221;3.27.4&#8243;][et_pb_text _builder_version=&#8221;4.0.6&#8243; header_line_height=&#8221;0em&#8221; custom_padding=&#8221;2px|||0px|false|false&#8221;]<\/p>\n<p style=\"padding-bottom: 0;\" class=\"subheadline\">Products<\/p>\n<div class=\"red-underline\"><\/div>\n<p>[\/et_pb_text][et_pb_text _builder_version=&#8221;4.4.9&#8243; custom_padding=&#8221;||75px||false|false&#8221;]<\/p>\n<h3>Photo book<\/h3>\n<p class=\"copy\">You can choose between four exciting book formats &#8211; two square and two horizontal formats are available. Several professionally designed templates make it easy for you to start designing your book and help you make quick progress. An optional and free special feature is the possibility of adding gold foil finishing to texts on the book cover.<\/p>\n<p> <a class=\"mehr-erfahren\" href=\"https:\/\/friedmann-photos.com\/en\/photobook\">Read more<\/a>[\/et_pb_text][et_pb_text _builder_version=&#8221;4.4.9&#8243; custom_padding=&#8221;||75px||false|false&#8221;]<\/p>\n<h3>Calendar<\/h3>\n<p class=\"copy\">In addition to the folding calendars already known from the past, wall calendars are now also available for you to design in the formats DIN-A4 to DIN-A2, each in both portrait and landscape format. The folding calendar is also available in the new extra-large format of 35x25cm. The highest quality materials will make your calendar something truly exceptional.<\/p>\n<p> <a class=\"mehr-erfahren\" href=\"https:\/\/friedmann-photos.com\/en\/calendar\">Read more<\/a>[\/et_pb_text][et_pb_text _builder_version=&#8221;4.4.9&#8243; custom_padding=&#8221;||75px||false|false&#8221;]<\/p>\n<h3>Cards<\/h3>\n<p class=\"copy\">Besides postcards, we also offer folding cards for individualization. The cards are printed on high-quality 300g paper and can optionally be printed, like our photo books, with a gold foil finish on the outside.<\/p>\n<p> <a class=\"mehr-erfahren\" href=\"https:\/\/friedmann-photos.com\/en\/cards\">Read more<\/a>[\/et_pb_text][et_pb_text _builder_version=&#8221;4.4.9&#8243;]<\/p>\n<h3>Puzzle<\/h3>\n<p class=\"copy\">You would like to order an individual premium puzzle with a photo of your choice? With our &#8220;Your real photo-puzzle&#8221; app this is very easy: select the right picture, put it into the correct position and order your puzzle. We produce 1000 pieces and 500 pieces puzzles. The puzzle is displayed for preview in 3D. Even an augmented reality preview is available. Your photo puzzle is printed on linen embossed paper, which is laminated onto a blue premium puzzle cardboard with a thickness of 1.9mm. The puzzle is delivered in a puzzle box individually printed with your picture. Friedmann Print is a subsidiary of the LUDO FACT Group. Around 750 employees work in the group of companies at eight locations worldwide. The group produces more than 17 million board games and puzzles per year. Order from the experts!<\/p>\n<p> <a class=\"mehr-erfahren\" href=\"https:\/\/friedmann-photos.com\/en\/puzzle\">Read more<\/a>[\/et_pb_text][\/et_pb_column][\/et_pb_row][\/et_pb_section][et_pb_section fb_built=&#8221;1&#8243; fullwidth=&#8221;on&#8221; disabled_on=&#8221;on|on|on&#8221; _builder_version=&#8221;4.0.4&#8243; custom_margin=&#8221;100px||50px||false|false&#8221; custom_padding=&#8221;0px||||false|false&#8221; animation_style=&#8221;slide&#8221; animation_direction=&#8221;right&#8221; animation_duration=&#8221;750ms&#8221; animation_intensity_slide=&#8221;15%&#8221; animation_speed_curve=&#8221;ease&#8221; custom_css_main_element=&#8221;overflow: hidden !important;&#8221; disabled=&#8221;on&#8221;][et_pb_fullwidth_code disabled_on=&#8221;off|off|off&#8221; _builder_version=&#8221;4.0.2&#8243; custom_margin=&#8221;-96px|||||&#8221; custom_css_main_element=&#8221;text-align: right;||font-weight: bold;||font-size: 400px;||letter-spacing: -30px;||&#8221;]<pee class=\"headline reference\"><!-- [et_pb_line_break_holder] -->  ApplePDF<!-- [et_pb_line_break_holder] --><\/pee><!-- [et_pb_line_break_holder] -->[\/et_pb_fullwidth_code][\/et_pb_section][et_pb_section fb_built=&#8221;1&#8243; fullwidth=&#8221;on&#8221; disabled_on=&#8221;on|on|on&#8221; _builder_version=&#8221;4.0.4&#8243; custom_margin=&#8221;100px||50px||false|false&#8221; custom_padding=&#8221;200px||||false|false&#8221; animation_style=&#8221;slide&#8221; animation_direction=&#8221;right&#8221; animation_duration=&#8221;750ms&#8221; animation_intensity_slide=&#8221;15%&#8221; animation_speed_curve=&#8221;ease&#8221; custom_css_main_element=&#8221;overflow: hidden !important;&#8221; disabled=&#8221;on&#8221;][et_pb_fullwidth_code disabled_on=&#8221;off|off|off&#8221; _builder_version=&#8221;4.0.2&#8243; custom_margin=&#8221;-96px|||||&#8221; custom_css_main_element=&#8221;text-align: right;||font-weight: bold;||font-size: 400px;||letter-spacing: -30px;||&#8221;]<pee class=\"headline reference\"><!-- [et_pb_line_break_holder] -->  ApplePDF<!-- [et_pb_line_break_holder] --><\/pee><!-- [et_pb_line_break_holder] -->[\/et_pb_fullwidth_code][\/et_pb_section][et_pb_section fb_built=&#8221;1&#8243; disabled_on=&#8221;on|on|on&#8221; _builder_version=&#8221;4.0.6&#8243; background_color=&#8221;#E53127&#8243; custom_margin=&#8221;-6px|||||&#8221; disabled=&#8221;on&#8221;][et_pb_row _builder_version=&#8221;3.29.3&#8243;][et_pb_column type=&#8221;4_4&#8243; _builder_version=&#8221;3.29.3&#8243;][et_pb_code _builder_version=&#8221;4.0.2&#8243; background_color=&#8221;#E53127&#8243; custom_margin=&#8221;||40px|||&#8221; custom_padding=&#8221;31px|||||&#8221;]       <pee  class=\" pvo-white\" style=\"font-weight: bold; line-height: 125%; letter-spacing: -0.04em; font-size: 36px !important; padding-left: 10%; margin-top: 10%;\"><img decoding=\"async\" style=\"float: left; height: 20px; margin-left: -12%; margin-top: 2%\" src=\"https:\/\/friedmann-photos.com\/wp-content\/uploads\/2019\/10\/crosshair-white.png\">Mit einem Apple <!\u2013- [et_pb_br_holder] -\u2013>PDF bestellen<\/pee><!-- [et_pb_line_break_holder] -->        <pee style=\"font-size: 20px; line-height: 150%; letter-spacing: -0.01em; padding-bottom: 50px;\" class=\" pvo-white\">Sie verwenden iPhoto, oder Fotos in den Versionen 1-3 und haben Ihr Fotobuch direkt mit den alten Apple Funktionen erstellt? Kein Problem!<!-- [et_pb_line_break_holder] -->Apple hat am 30.9.2018 die Produktion die Bestellm\u00f6glichkeit von Fotob\u00fcchern eingestellt, wir bieten Ihnen aber die M\u00f6glichkeit mit diesen PDF-Dateien noch Ihre B\u00fccher, Kalender und Karten nachzubestellen. F\u00fcr die Zukunft empfehlen wir Ihnen aber den Wechsel auf unsere direkte Erweiterung aus dem App Store.<!-- [et_pb_line_break_holder] --><\/pee><!-- [et_pb_line_break_holder] --><a style=\"color: white; font-size: 16px; font-weight: bold;\" href=\"#\"><img decoding=\"async\" style=\"height: 12px; padding-right: 16px;\" src=\"https:\/\/friedmann-photos.com\/wp-content\/uploads\/2019\/10\/FPDS-Pfeil-Wei\u00df.png\">Mehr erfahren<\/a>[\/et_pb_code][\/et_pb_column][\/et_pb_row][\/et_pb_section][et_pb_section fb_built=&#8221;1&#8243; disabled_on=&#8221;on|on|on&#8221; _builder_version=&#8221;4.0.6&#8243; custom_padding=&#8221;120px||0px|||&#8221; disabled=&#8221;on&#8221;][et_pb_row module_id=&#8221;rote-box&#8221; _builder_version=&#8221;4.0.4&#8243; custom_padding=&#8221;101px||200px|||&#8221;][et_pb_column type=&#8221;4_4&#8243; _builder_version=&#8221;3.29.3&#8243;][et_pb_code _builder_version=&#8221;4.0.4&#8243; text_orientation=&#8221;left&#8221; custom_margin=&#8221;|||-7px||&#8221; custom_padding=&#8221;|||3px||&#8221; custom_css_main_element=&#8221;display: flex;||justify-content: flex-end;&#8221;]<\/p>\n<div class=\"arbeiten-container\" >\n<div class=\"akzent-container-top2\"><!-- [et_pb_line_break_holder] -->    <span class=\"pvo-akzent1\"><\/span><!-- [et_pb_line_break_holder] -->    <span class=\"pvo-akzent2\"><\/span><!-- [et_pb_line_break_holder] -->  <\/div>\n<p><!-- [et_pb_line_break_holder] -->  <\/p>\n<div class=\"akzent-container-bottom2\"><!-- [et_pb_line_break_holder] -->    <span class=\"pvo-akzent3\"><\/span><!-- [et_pb_line_break_holder] -->    <span class=\"pvo-akzent4\"><\/span><!-- [et_pb_line_break_holder] -->  <\/div>\n<p><!-- [et_pb_line_break_holder] -->  <span class=\"pseudo\" style=\"margin-left: -20px !important\">Apple PDF Bestellung<img decoding=\"async\" src=\"https:\/\/friedmann-photos.com\/wp-content\/uploads\/2019\/09\/icon-friedmann.svg\"><\/span><!-- [et_pb_line_break_holder] -->  <\/p>\n<div class=\"left pvo-flex\"><!-- [et_pb_line_break_holder] -->    <\/p>\n<div class=\"content\"><!-- [et_pb_line_break_holder] -->      <\/p>\n<div class=\"content-copy\"><!-- [et_pb_line_break_holder] -->        <pee  class=\" pvo-white\" style=\"font-weight: bold; line-height: 95%; letter-spacing: -0.04em; font-size: 48px;\">Mit einem Apple<!\u2013- [et_pb_br_holder] -\u2013>PDF bestellen<\/pee><!-- [et_pb_line_break_holder] -->        <pee style=\"font-size: 20px; line-height: 150%; letter-spacing: -0.01em;\" class=\" pvo-white\">Sie verwenden iPhoto, oder Fotos in den Versionen 1-3 und haben Ihr Fotobuch direkt mit den alten Apple Funktionen erstellt? Kein Problem!<!-- [et_pb_line_break_holder] -->Apple hat am 30.9.2018 die Produktion die Bestellm\u00f6glichkeit von Fotob\u00fcchern eingestellt, wir bieten Ihnen aber die M\u00f6glichkeit mit diesen PDF-Dateien noch Ihre B\u00fccher, Kalender und Karten nachzubestellen. F\u00fcr die Zukunft empfehlen wir Ihnen aber den Wechsel auf unsere direkte Erweiterung aus dem App Store.<!-- [et_pb_line_break_holder] -->        <\/pee><!-- [et_pb_line_break_holder] -->      <\/div>\n<p><!-- [et_pb_line_break_holder] -->      <\/p>\n<div class=\"anchor-content\"><!-- [et_pb_line_break_holder] -->          <a class=\"mehr-erfahren\" href=\"#\" style=\"border: 2px solid white; color: white;\">Mehr erfahren<\/a><!-- [et_pb_line_break_holder] -->      <\/div>\n<p><!-- [et_pb_line_break_holder] -->    <\/div>\n<p><!-- [et_pb_line_break_holder] -->  <\/div>\n<p><!-- [et_pb_line_break_holder] -->  <\/p>\n<div class=\"right pvo-flex\"><!-- [et_pb_line_break_holder] -->    <!-- [et_pb_line_break_holder] -->  <\/div>\n<p><!-- [et_pb_line_break_holder] --><\/div>\n<p>[\/et_pb_code][\/et_pb_column][\/et_pb_row][\/et_pb_section][et_pb_section fb_built=&#8221;1&#8243; disabled_on=&#8221;on|off|off&#8221; _builder_version=&#8221;4.0.4&#8243; custom_padding=&#8221;0px|||||&#8221;][et_pb_row _builder_version=&#8221;4.0.4&#8243;][et_pb_column type=&#8221;4_4&#8243; _builder_version=&#8221;4.0.4&#8243;][et_pb_code _builder_version=&#8221;4.0.4&#8243;]<\/p>\n<div id=\"mo-akzidenzen\"><!-- [et_pb_line_break_holder] -->  <!-- [et_pb_line_break_holder] --><\/div>\n<p><!-- [et_pb_line_break_holder] --><\/p>\n<div id=\"mo-spielkarten\"><!-- [et_pb_line_break_holder] -->  <!-- [et_pb_line_break_holder] --><\/div>\n<p><!-- [et_pb_line_break_holder] --><\/p>\n<div id=\"mo-kalender\"><!-- [et_pb_line_break_holder] -->  <!-- [et_pb_line_break_holder] --><\/div>\n<p><!-- [et_pb_line_break_holder] --><\/p>\n<div id=\"mo-puzzle\"><!-- [et_pb_line_break_holder] -->  <!-- [et_pb_line_break_holder] --><\/div>\n<p>[\/et_pb_code][\/et_pb_column][\/et_pb_row][\/et_pb_section][et_pb_section fb_built=&#8221;1&#8243; fullwidth=&#8221;on&#8221; disabled_on=&#8221;off|on|on&#8221; _builder_version=&#8221;4.0.2&#8243;][et_pb_fullwidth_code _builder_version=&#8221;4.4.5&#8243;]<\/p>\n<div class=\"pvo-footer-container-mobile\" style=\"background-color: #282828 !important;\"><!-- [et_pb_line_break_holder] --> \t\t\t<\/p>\n<div class=\"footer-left\"><!-- [et_pb_line_break_holder] -->    \t\t\t<\/p>\n<ul><!-- [et_pb_line_break_holder] -->     \t\t\t\t<\/p>\n<li class=\"pvo-logo-container\"><img decoding=\"async\" src=\"https:\/\/friedmann-photos.com\/wp-content\/uploads\/2019\/08\/FPDS-logo-white.png\" style=\"height: 40px; width: auto;\"><\/li>\n<p><!-- [et_pb_line_break_holder] -->   \t\t\t\t<\/ul>\n<p><!-- [et_pb_line_break_holder] -->  \t\t\t<\/div>\n<p><!-- [et_pb_line_break_holder] -->  \t\t\t<\/p>\n<div class=\"footer-right\"><!-- [et_pb_line_break_holder] -->  \t\t\t\t <pee class=\"pvo-white roboto\" style=\"font-weight: bold; font-size: letter-spacing: -0.04em; font-size: 18px !important;\"><!-- [et_pb_line_break_holder] -->     Innovation<!\u2013- [et_pb_br_holder] -\u2013>is our<!\u2013- [et_pb_br_holder] -\u2013><span class=\"roboto\" style=\"margin-left: 24%\">passion.<\/span><!-- [et_pb_line_break_holder] -->    \t\t\t<\/pee><!-- [et_pb_line_break_holder] -->  \t\t\t<\/div>\n<p><!-- [et_pb_line_break_holder] -->\t\t<\/div>\n<p>[\/et_pb_fullwidth_code][\/et_pb_section]<\/p>\n","protected":false},"excerpt":{"rendered":"<p>Our App Our extension &#8220;friedmann print&#8221; for the Apple Photos App is exclusively available in the Mac App Store. Our app allows you to design photo books, calendars, and cards directly within the Photos App. Your order will usually be shipped in less than a week. We deliver your order to more than 45 countries [&hellip;]<\/p>\n","protected":false},"author":3,"featured_media":0,"parent":0,"menu_order":0,"comment_status":"closed","ping_status":"closed","template":"","meta":{"_et_pb_use_builder":"on","_et_pb_old_content":"","_et_gb_content_width":"","inline_featured_image":false,"footnotes":""},"class_list":["post-4956","page","type-page","status-publish","hentry"],"_links":{"self":[{"href":"https:\/\/friedmann-photos.com\/en\/wp-json\/wp\/v2\/pages\/4956","targetHints":{"allow":["GET"]}}],"collection":[{"href":"https:\/\/friedmann-photos.com\/en\/wp-json\/wp\/v2\/pages"}],"about":[{"href":"https:\/\/friedmann-photos.com\/en\/wp-json\/wp\/v2\/types\/page"}],"author":[{"embeddable":true,"href":"https:\/\/friedmann-photos.com\/en\/wp-json\/wp\/v2\/users\/3"}],"replies":[{"embeddable":true,"href":"https:\/\/friedmann-photos.com\/en\/wp-json\/wp\/v2\/comments?post=4956"}],"version-history":[{"count":21,"href":"https:\/\/friedmann-photos.com\/en\/wp-json\/wp\/v2\/pages\/4956\/revisions"}],"predecessor-version":[{"id":6747,"href":"https:\/\/friedmann-photos.com\/en\/wp-json\/wp\/v2\/pages\/4956\/revisions\/6747"}],"wp:attachment":[{"href":"https:\/\/friedmann-photos.com\/en\/wp-json\/wp\/v2\/media?parent=4956"}],"curies":[{"name":"wp","href":"https:\/\/api.w.org\/{rel}","templated":true}]}}