{"id":5757,"date":"2019-12-01T17:54:08","date_gmt":"2019-12-01T17:54:08","guid":{"rendered":"https:\/\/friedmann-photos.com\/?page_id=5757"},"modified":"2020-05-05T22:11:57","modified_gmt":"2020-05-05T22:11:57","slug":"home","status":"publish","type":"page","link":"https:\/\/friedmann-photos.com\/es","title":{"rendered":"Home"},"content":{"rendered":"<p>[et_pb_section fb_built=\u00bb1&#8243; fullwidth=\u00bbon\u00bb _builder_version=\u00bb4.0.6&#8243;][et_pb_fullwidth_code disabled_on=\u00bboff|off|off\u00bb module_class=\u00bbhero-container-home\u00bb _builder_version=\u00bb4.0.7&#8243;]<\/p>\n<div class=\"pvo-hero-container\"><!-- [et_pb_line_break_holder] -->  <\/p>\n<div class=\"pvo-hero-left pvo-flex\" ><!-- [et_pb_line_break_holder] -->    <img decoding=\"async\" src=\"https:\/\/friedmann-photos.com\/wp-content\/uploads\/2019\/08\/FPDS-logo-max.png\"><!-- [et_pb_line_break_holder] -->  <\/div>\n<p><!-- [et_pb_line_break_holder] -->  <\/p>\n<div class=\"pvo-hero-right\"><!-- [et_pb_line_break_holder] -->    <\/p>\n<div clas=\"aside-container\"> <!-- [et_pb_line_break_holder] -->      <\/p>\n<ul class=\"lang-ul\"><!-- [et_pb_line_break_holder] -->        <\/p>\n<li><span class=\"divider\"><\/span><\/li>\n<p><!-- [et_pb_line_break_holder] -->      <\/p>\n<li><a class=\"vertical-rl\" href=\"#\" style=\"color: #E53127; font-weight: bold;\"><!-- [et_pb_line_break_holder] -->        Espa\u00f1ol<!-- [et_pb_line_break_holder] -->      <\/a><!-- [et_pb_line_break_holder] -->        <\/ul>\n<p> <!-- [et_pb_line_break_holder] -->  <\/div>\n<p><!-- [et_pb_line_break_holder] --><\/div>\n<p><!-- [et_pb_line_break_holder] --><!-- [et_pb_line_break_holder] -->  <!-- [et_pb_line_break_holder] --><!-- [et_pb_line_break_holder] --><!-- [et_pb_line_break_holder] -->      <!-- [et_pb_line_break_holder] -->    [\/et_pb_fullwidth_code][\/et_pb_section][et_pb_section fb_built=\u00bb1&#8243; disabled_on=\u00bboff|on|on\u00bb _builder_version=\u00bb4.0.6&#8243; custom_padding=\u00bb120px||47px|||\u00bb saved_tabs=\u00bball\u00bb][et_pb_row _builder_version=\u00bb4.0.6&#8243;][et_pb_column type=\u00bb4_4&#8243; _builder_version=\u00bb4.0.6&#8243;][\/et_pb_column][\/et_pb_row][et_pb_row _builder_version=\u00bb4.0.6&#8243; width=\u00bb100%\u00bb custom_padding=\u00bb50px|10%||10%|false|false\u00bb][et_pb_column type=\u00bb4_4&#8243; _builder_version=\u00bb4.0.2&#8243;][et_pb_text module_class=\u00bbintro-copy\u00bb _builder_version=\u00bb4.0.7&#8243; text_font=\u00bbRoboto||||||||\u00bb text_text_color=\u00bb#000000&#8243; text_font_size=\u00bb18px\u00bb width=\u00bb100%\u00bb custom_margin=\u00bb-2px||0px||false|false\u00bb custom_padding=\u00bb0px|0px|40px||false|false\u00bb custom_css_main_element=\u00bbmargin-top: 40px;||width: 85%;\u00bb]<\/p>\n<p class=\"subheadline\"> Nuestra aplicaci\u00f3n <\/p>\n<div class=\"red-underline\"><\/div>\n<p class=\"copy\"> Nuestra ampliaci\u00f3n \u00abfriedmann print\u00bb para la Fotos.app de Apple est\u00e1 disponible exclusivamente en el Mac App Store. Nuestra aplicaci\u00f3n permite dise\u00f1ar \u00e1lbumes de fotos, calendarios y tarjetas directamente dentro de la Fotos.app. Por regla general, el env\u00edo de su pedido tiene lugar en menos de una semana. Si lo desea, enviamos su pedido a m\u00e1s de 45 pa\u00edses.\n<\/p>\n<p><a href=\"https:\/\/apps.apple.com\/app\/friedmann-print\/id1482660936\"><br \/>\n<img decoding=\"async\" src=\"https:\/\/friedmann-photos.com\/wp-content\/uploads\/2019\/12\/badge_ES.png\" width=242px ><\/a>[\/et_pb_text][\/et_pb_column][\/et_pb_row][\/et_pb_section][et_pb_section fb_built=\u00bb1&#8243; disabled_on=\u00bbon|off|off\u00bb _builder_version=\u00bb4.0.6&#8243; custom_margin=\u00bb-1px|||||\u00bb custom_padding=\u00bb120px||0px|||\u00bb saved_tabs=\u00bball\u00bb][et_pb_row _builder_version=\u00bb4.0.2&#8243;][et_pb_column type=\u00bb4_4&#8243; _builder_version=\u00bb4.0.2&#8243;][et_pb_code _builder_version=\u00bb4.0.2&#8243;]<\/p>\n<div class=\"vector-container\"><!-- [et_pb_line_break_holder] -->  <\/p>\n<div class=\"vector vector1\"><\/div>\n<p><!-- [et_pb_line_break_holder] -->  <\/p>\n<div class=\"vector vector2\"><\/div>\n<p><!-- [et_pb_line_break_holder] -->  <\/p>\n<div class=\"vector vector3\"><\/div>\n<p><!-- [et_pb_line_break_holder] -->  <\/p>\n<div class=\"vector vector4\"><\/div>\n<p><!-- [et_pb_line_break_holder] -->  <\/p>\n<div class=\"vector vector5\"><\/div>\n<p><!-- [et_pb_line_break_holder] -->  <\/p>\n<div class=\"vector vector6\"><\/div>\n<p><!-- [et_pb_line_break_holder] --><\/div>\n<p>[\/et_pb_code][\/et_pb_column][\/et_pb_row][et_pb_row column_structure=\u00bb1_3,2_3&#8243; use_custom_gutter=\u00bbon\u00bb gutter_width=\u00bb2&#8243; _builder_version=\u00bb4.0.4&#8243; custom_padding=\u00bb||4px|10%|false|false\u00bb][et_pb_column type=\u00bb1_3&#8243; _builder_version=\u00bb4.0.2&#8243;][et_pb_text disabled_on=\u00bbon|off|off\u00bb _builder_version=\u00bb4.0.7&#8243; header_line_height=\u00bb0em\u00bb custom_padding=\u00bb|||125px|false|false\u00bb]<\/p>\n<p class=\"subheadline\"> Nuestra aplicaci\u00f3n <\/p>\n<div class=\"red-underline\"><\/div>\n<p><img decoding=\"async\" src=\"https:\/\/friedmann-photos.com\/wp-content\/uploads\/2019\/10\/FPDS-Logo-max-red.png\" width=235px >[\/et_pb_text][\/et_pb_column][et_pb_column type=\u00bb2_3&#8243; _builder_version=\u00bb4.0.2&#8243;][et_pb_text module_class=\u00bbintro-copy\u00bb _builder_version=\u00bb4.0.7&#8243; text_font=\u00bbRoboto||||||||\u00bb text_text_color=\u00bb#000000&#8243; text_font_size=\u00bb18px\u00bb width=\u00bb100%\u00bb custom_margin=\u00bb||0px||false|false\u00bb custom_padding=\u00bb|0px|||false|false\u00bb custom_css_main_element=\u00bbmargin-top: 40px;||width: 85%;\u00bb]<\/p>\n<p class=\"copy\"> Nuestra ampliaci\u00f3n \u00abfriedmann print\u00bb para la Fotos.app de Apple est\u00e1 disponible exclusivamente en el Mac App Store. Nuestra aplicaci\u00f3n permite dise\u00f1ar \u00e1lbumes de fotos, calendarios y tarjetas directamente dentro de la Fotos.app. Por regla general, el env\u00edo de su pedido tiene lugar en menos de una semana. Si lo desea, enviamos su pedido a m\u00e1s de 45 pa\u00edses.\n<\/p>\n<p><a href=\"https:\/\/apps.apple.com\/app\/friedmann-print\/id1482660936\"><br \/>\n<img decoding=\"async\" src=\"https:\/\/friedmann-photos.com\/wp-content\/uploads\/2019\/12\/badge_ES.png\" width=242px ><\/a>[\/et_pb_text][\/et_pb_column][\/et_pb_row][\/et_pb_section][et_pb_section fb_built=\u00bb1&#8243; disabled_on=\u00bbon|off|off\u00bb module_class=\u00bbcontainer-rel\u00bb _builder_version=\u00bb4.0.4&#8243; custom_margin=\u00bb||50px||false|false\u00bb custom_padding=\u00bb2px||260px|||\u00bb][et_pb_row admin_label=\u00bbVector\u00bb _builder_version=\u00bb3.29.3&#8243; custom_padding=\u00bb88px|||||\u00bb saved_tabs=\u00bball\u00bb][et_pb_column type=\u00bb4_4&#8243; _builder_version=\u00bb3.29.3&#8243;][et_pb_code _builder_version=\u00bb4.0.2&#8243;]<\/p>\n<div class=\"vector-container vector-s\"><!-- [et_pb_line_break_holder] -->  <\/p>\n<div class=\"vector vector1\"><\/div>\n<p><!-- [et_pb_line_break_holder] -->  <\/p>\n<div class=\"vector vector2\"><\/div>\n<p><!-- [et_pb_line_break_holder] -->  <\/p>\n<div class=\"vector vector3\"><\/div>\n<p><!-- [et_pb_line_break_holder] -->  <\/p>\n<div class=\"vector vector4\"><\/div>\n<p><!-- [et_pb_line_break_holder] -->  <\/p>\n<div class=\"vector vector5\"><\/div>\n<p>\t<!-- [et_pb_line_break_holder] -->  <\/p>\n<div class=\"vector vector6\"><\/div>\n<p>\t<!-- [et_pb_line_break_holder] --><\/div>\n<p>[\/et_pb_code][\/et_pb_column][\/et_pb_row][et_pb_row column_structure=\u00bb2_5,3_5&#8243; use_custom_gutter=\u00bbon\u00bb gutter_width=\u00bb1&#8243; module_class=\u00bbcontainer-rel\u00bb _builder_version=\u00bb3.29.3&#8243; width=\u00bb100%\u00bb custom_padding=\u00bb55px|0px||10%|false|false\u00bb][et_pb_column type=\u00bb2_5&#8243; _builder_version=\u00bb3.27.4&#8243;][et_pb_text _builder_version=\u00bb4.4.3&#8243; header_line_height=\u00bb0em\u00bb custom_padding=\u00bb2px|||0px|false|false\u00bb]<\/p>\n<p style=\"padding-bottom: 0;\" class=\"subheadline\"> Productos<\/p>\n<div class=\"red-underline\"><\/div>\n<p><a id=\"prod-fotobuch\" style=\"padding-top: 30px;\" class=\"pvo-auswahl\" href=\"https:\/\/friedmann-photos.com\/es\/photobook\">\u00c1lbum de fotos<\/a><br \/>\n<a id=\"prod-kalender\" class=\"pvo-auswahl\" href=\"https:\/\/friedmann-photos.com\/es\/calendar\"> Calendarios<\/a><br \/>\n<a id=\"prod-karten\" class=\"pvo-auswahl\" href=\"https:\/\/friedmann-photos.com\/es\/cards\"> Tarjetas<\/a><br \/>\n<a id=\"prod-puzzle\" class=\"pvo-auswahl hide\" href=\"https:\/\/friedmann-photos.com\/es\/cards\"> Tarjetas<\/a>[\/et_pb_text][\/et_pb_column][et_pb_column type=\u00bb3_5&#8243; _builder_version=\u00bb3.27.4&#8243;][et_pb_code _builder_version=\u00bb4.4.3&#8243; custom_padding=\u00bb290px||100px||false|false\u00bb custom_css_main_element=\u00bbwidth: 85%;\u00bb]<\/p>\n<div class=\"txt-container\"><!-- [et_pb_line_break_holder] -->  <\/p>\n<div id=\"txt-default2\"><!-- [et_pb_line_break_holder] -->    <pee class=\"copy\" >Puede elegir entre cuatro interesantes formatos de \u00e1lbum: puede elegir dos formatos cuadrados y dos apaisados. Unas plantillas dise\u00f1adas profesionalmente le facilitar\u00e1n el inicio del dise\u00f1o del \u00e1lbum y le ayudar\u00e1n a lograr avances r\u00e1pidamente. Una particularidad opcional y gratuita es la posibilidad de escribir textos en la cubierta del \u00e1lbum con letras doradas.<\/pee><!-- [et_pb_line_break_holder] -->    <a class=\"mehr-erfahren\" href=\"https:\/\/friedmann-photos.com\/es\/photobook\">Saber m\u00e1s<\/a><!-- [et_pb_line_break_holder] -->  <\/div>\n<p><!-- [et_pb_line_break_holder] -->  <\/p>\n<div id=\"txt-fotobuch2\"><!-- [et_pb_line_break_holder] -->    <pee class=\"copy\" ><!-- [et_pb_line_break_holder] -->      Puede elegir entre cuatro interesantes formatos de \u00e1lbum: puede elegir dos formatos cuadrados y dos apaisados. Unas plantillas dise\u00f1adas profesionalmente le facilitar\u00e1n el inicio del dise\u00f1o del \u00e1lbum y le ayudar\u00e1n a lograr avances r\u00e1pidamente. Una particularidad opcional y gratuita es la posibilidad de escribir textos en la cubierta del \u00e1lbum con letras doradas.<!-- [et_pb_line_break_holder] -->    <\/pee><!-- [et_pb_line_break_holder] -->    <a class=\"mehr-erfahren\" href=\"https:\/\/friedmann-photos.com\/es\/photobook\">Saber m\u00e1s<\/a><!-- [et_pb_line_break_holder] -->  <\/div>\n<p><!-- [et_pb_line_break_holder] -->  <\/p>\n<div id=\"txt-kalender2\"><!-- [et_pb_line_break_holder] -->    <pee class=\"copy\"><!-- [et_pb_line_break_holder] -->      Adem\u00e1s de los calendarios plegados conocidos de siempre, ahora puede dise\u00f1ar calendarios de pared en los formatos DIN\u00a0A4 hasta el formato grande DIN\u00a0A2, tanto en formato vertical como apaisado. El calendario plegable est\u00e1 disponible en el formato extragrande de 35\u00a0x\u00a025\u00a0cm. Los papeles de m\u00e1xima calidad hacen de su calendario algo muy especial.<!-- [et_pb_line_break_holder] -->    <\/pee><!-- [et_pb_line_break_holder] -->    <a class=\"mehr-erfahren\" href=\"https:\/\/friedmann-photos.com\/es\/calendar\">Saber m\u00e1s<\/a><!-- [et_pb_line_break_holder] -->  <\/div>\n<p><!-- [et_pb_line_break_holder] -->  <\/p>\n<div id=\"txt-karten2\"><!-- [et_pb_line_break_holder] -->    <pee class=\"copy\"><!-- [et_pb_line_break_holder] -->      Adem\u00e1s de las tarjetas postales, ahora tambi\u00e9n ofrecemos tarjetas plegadas para dise\u00f1ar personalmente. Las tarjetas se imprimen en papel de 300\u00a0g de alta calidad, y se pueden adornar opcionalmente, al igual que nuestros \u00e1lbumes, con un acabado dorado en las p\u00e1ginas exteriores.<!-- [et_pb_line_break_holder] -->    <\/pee><!-- [et_pb_line_break_holder] -->    <a class=\"mehr-erfahren\" href=\"https:\/\/friedmann-photos.com\/es\/cards\">Saber m\u00e1s<\/a><!-- [et_pb_line_break_holder] -->  <\/div>\n<p><!-- [et_pb_line_break_holder] -->  <\/p>\n<div id=\"txt-puzzle2\"><!-- [et_pb_line_break_holder] -->    <pee class=\"copy hide\"><!-- [et_pb_line_break_holder] -->      Adem\u00e1s de las tarjetas postales, ahora tambi\u00e9n ofrecemos tarjetas plegadas para dise\u00f1ar personalmente. Las tarjetas se imprimen en papel de 300\u00a0g de alta calidad, y se pueden adornar opcionalmente, al igual que nuestros \u00e1lbumes, con un acabado dorado en las p\u00e1ginas exteriores.<!-- [et_pb_line_break_holder] -->    <\/pee><!-- [et_pb_line_break_holder] -->    <a class=\"mehr-erfahren\" href=\"https:\/\/friedmann-photos.com\/es\/cards\">Saber m\u00e1s<\/a><!-- [et_pb_line_break_holder] -->  <\/div>\n<p><!-- [et_pb_line_break_holder] -->  <!-- [et_pb_line_break_holder] --><\/div>\n<p>[\/et_pb_code][\/et_pb_column][\/et_pb_row][\/et_pb_section][et_pb_section fb_built=\u00bb1&#8243; disabled_on=\u00bboff|on|on\u00bb module_class=\u00bbcontainer-rel\u00bb _builder_version=\u00bb4.0.4&#8243; custom_margin=\u00bb||50px||false|false\u00bb custom_padding=\u00bb16px||0px|||\u00bb][et_pb_row use_custom_gutter=\u00bbon\u00bb gutter_width=\u00bb1&#8243; module_class=\u00bbcontainer-rel\u00bb _builder_version=\u00bb3.29.3&#8243; width=\u00bb100%\u00bb custom_margin=\u00bb-1px|auto||auto||\u00bb custom_padding=\u00bb55px|0px||10%|false|false\u00bb][et_pb_column type=\u00bb4_4&#8243; _builder_version=\u00bb3.27.4&#8243;][et_pb_text _builder_version=\u00bb4.0.6&#8243; header_line_height=\u00bb0em\u00bb custom_padding=\u00bb2px|||0px|false|false\u00bb]<\/p>\n<p style=\"padding-bottom: 0;\" class=\"subheadline\">Products<\/p>\n<div class=\"red-underline\"><\/div>\n<p>[\/et_pb_text][et_pb_text _builder_version=\u00bb4.0.7&#8243; custom_padding=\u00bb||75px||false|false\u00bb]<\/p>\n<h3> \u00c1lbum de fotos <\/h3>\n<p class=\"copy\"> Puede elegir entre cuatro interesantes formatos de \u00e1lbum: puede elegir dos formatos cuadrados y dos apaisados. Unas plantillas dise\u00f1adas profesionalmente le facilitar\u00e1n el inicio del dise\u00f1o del \u00e1lbum y le ayudar\u00e1n a lograr avances r\u00e1pidamente. Una particularidad opcional y gratuita es la posibilidad de escribir textos en la cubierta del \u00e1lbum con letras doradas. <\/p>\n<p> <a class=\"mehr-erfahren\" href=\"https:\/\/friedmann-photos.com\/es\/photobook\">Saber m\u00e1s<\/a>[\/et_pb_text][et_pb_text _builder_version=\u00bb4.0.7&#8243; custom_padding=\u00bb||75px||false|false\u00bb]<\/p>\n<h3> Calendarios <\/h3>\n<p class=\"copy\"> Adem\u00e1s de los calendarios plegados conocidos de siempre, ahora puede dise\u00f1ar calendarios de pared en los formatos DIN\u00a0A4 hasta el formato grande DIN\u00a0A2, tanto en formato vertical como apaisado. El calendario plegable est\u00e1 disponible en el formato extragrande de 35\u00a0x\u00a025\u00a0cm. Los papeles de m\u00e1xima calidad hacen de su calendario algo muy especial. <\/p>\n<p> <a class=\"mehr-erfahren\" href=\"https:\/\/friedmann-photos.com\/es\/calendar\">Saber m\u00e1s<\/a>[\/et_pb_text][et_pb_text _builder_version=\u00bb4.0.7&#8243;]<\/p>\n<h3> Tarjetas <\/h3>\n<p class=\"copy\"> Adem\u00e1s de las tarjetas postales, ahora tambi\u00e9n ofrecemos tarjetas plegadas para dise\u00f1ar personalmente. Las tarjetas se imprimen en papel de 300\u00a0g de alta calidad, y se pueden adornar opcionalmente, al igual que nuestros \u00e1lbumes, con un acabado dorado en las p\u00e1ginas exteriores. <\/p>\n<p> <a class=\"mehr-erfahren\" href=\"https:\/\/friedmann-photos.com\/es\/cards\">Saber m\u00e1s<\/a>[\/et_pb_text][\/et_pb_column][\/et_pb_row][\/et_pb_section][et_pb_section fb_built=\u00bb1&#8243; fullwidth=\u00bbon\u00bb disabled_on=\u00bbon|on|on\u00bb _builder_version=\u00bb4.0.4&#8243; custom_margin=\u00bb100px||50px||false|false\u00bb custom_padding=\u00bb0px||||false|false\u00bb animation_style=\u00bbslide\u00bb animation_direction=\u00bbright\u00bb animation_duration=\u00bb750ms\u00bb animation_intensity_slide=\u00bb15%\u00bb animation_speed_curve=\u00bbease\u00bb custom_css_main_element=\u00bboverflow: hidden !important;\u00bb disabled=\u00bbon\u00bb][et_pb_fullwidth_code disabled_on=\u00bboff|off|off\u00bb _builder_version=\u00bb4.0.2&#8243; custom_margin=\u00bb-96px|||||\u00bb custom_css_main_element=\u00bbtext-align: right;||font-weight: bold;||font-size: 400px;||letter-spacing: -30px;||\u00bb]<pee class=\"headline reference\"><!-- [et_pb_line_break_holder] -->  ApplePDF<!-- [et_pb_line_break_holder] --><\/pee><!-- [et_pb_line_break_holder] -->[\/et_pb_fullwidth_code][\/et_pb_section][et_pb_section fb_built=\u00bb1&#8243; fullwidth=\u00bbon\u00bb disabled_on=\u00bbon|on|on\u00bb _builder_version=\u00bb4.0.4&#8243; custom_margin=\u00bb100px||50px||false|false\u00bb custom_padding=\u00bb200px||||false|false\u00bb animation_style=\u00bbslide\u00bb animation_direction=\u00bbright\u00bb animation_duration=\u00bb750ms\u00bb animation_intensity_slide=\u00bb15%\u00bb animation_speed_curve=\u00bbease\u00bb custom_css_main_element=\u00bboverflow: hidden !important;\u00bb disabled=\u00bbon\u00bb][et_pb_fullwidth_code disabled_on=\u00bboff|off|off\u00bb _builder_version=\u00bb4.0.2&#8243; custom_margin=\u00bb-96px|||||\u00bb custom_css_main_element=\u00bbtext-align: right;||font-weight: bold;||font-size: 400px;||letter-spacing: -30px;||\u00bb]<pee class=\"headline reference\"><!-- [et_pb_line_break_holder] -->  ApplePDF<!-- [et_pb_line_break_holder] --><\/pee><!-- [et_pb_line_break_holder] -->[\/et_pb_fullwidth_code][\/et_pb_section][et_pb_section fb_built=\u00bb1&#8243; disabled_on=\u00bbon|on|on\u00bb _builder_version=\u00bb4.0.6&#8243; background_color=\u00bb#E53127&#8243; custom_margin=\u00bb-6px|||||\u00bb disabled=\u00bbon\u00bb][et_pb_row _builder_version=\u00bb3.29.3&#8243;][et_pb_column type=\u00bb4_4&#8243; _builder_version=\u00bb3.29.3&#8243;][et_pb_code _builder_version=\u00bb4.0.2&#8243; background_color=\u00bb#E53127&#8243; custom_margin=\u00bb||40px|||\u00bb custom_padding=\u00bb31px|||||\u00bb]       <pee  class=\" pvo-white\" style=\"font-weight: bold; line-height: 125%; letter-spacing: -0.04em; font-size: 36px !important; padding-left: 10%; margin-top: 10%;\"><img decoding=\"async\" style=\"float: left; height: 20px; margin-left: -12%; margin-top: 2%\" src=\"https:\/\/friedmann-photos.com\/wp-content\/uploads\/2019\/10\/crosshair-white.png\">Mit einem Apple <!\u2013- [et_pb_br_holder] -\u2013>PDF bestellen<\/pee><!-- [et_pb_line_break_holder] -->        <pee style=\"font-size: 20px; line-height: 150%; letter-spacing: -0.01em; padding-bottom: 50px;\" class=\" pvo-white\">Sie verwenden iPhoto, oder Fotos in den Versionen 1-3 und haben Ihr Fotobuch direkt mit den alten Apple Funktionen erstellt? Kein Problem!<!-- [et_pb_line_break_holder] -->Apple hat am 30.9.2018 die Produktion die Bestellm\u00f6glichkeit von Fotob\u00fcchern eingestellt, wir bieten Ihnen aber die M\u00f6glichkeit mit diesen PDF-Dateien noch Ihre B\u00fccher, Kalender und Karten nachzubestellen. F\u00fcr die Zukunft empfehlen wir Ihnen aber den Wechsel auf unsere direkte Erweiterung aus dem App Store.<!-- [et_pb_line_break_holder] --><\/pee><!-- [et_pb_line_break_holder] --><a style=\"color: white; font-size: 16px; font-weight: bold;\" href=\"#\"><img decoding=\"async\" style=\"height: 12px; padding-right: 16px;\" src=\"https:\/\/friedmann-photos.com\/wp-content\/uploads\/2019\/10\/FPDS-Pfeil-Wei\u00df.png\">Mehr erfahren<\/a>[\/et_pb_code][\/et_pb_column][\/et_pb_row][\/et_pb_section][et_pb_section fb_built=\u00bb1&#8243; disabled_on=\u00bbon|on|on\u00bb _builder_version=\u00bb4.0.6&#8243; custom_padding=\u00bb120px||0px|||\u00bb disabled=\u00bbon\u00bb][et_pb_row module_id=\u00bbrote-box\u00bb _builder_version=\u00bb4.0.4&#8243; custom_padding=\u00bb101px||200px|||\u00bb][et_pb_column type=\u00bb4_4&#8243; _builder_version=\u00bb3.29.3&#8243;][et_pb_code _builder_version=\u00bb4.0.4&#8243; text_orientation=\u00bbleft\u00bb custom_margin=\u00bb|||-7px||\u00bb custom_padding=\u00bb|||3px||\u00bb custom_css_main_element=\u00bbdisplay: flex;||justify-content: flex-end;\u00bb]<\/p>\n<div class=\"arbeiten-container\" >\n<div class=\"akzent-container-top2\"><!-- [et_pb_line_break_holder] -->    <span class=\"pvo-akzent1\"><\/span><!-- [et_pb_line_break_holder] -->    <span class=\"pvo-akzent2\"><\/span><!-- [et_pb_line_break_holder] -->  <\/div>\n<p><!-- [et_pb_line_break_holder] -->  <\/p>\n<div class=\"akzent-container-bottom2\"><!-- [et_pb_line_break_holder] -->    <span class=\"pvo-akzent3\"><\/span><!-- [et_pb_line_break_holder] -->    <span class=\"pvo-akzent4\"><\/span><!-- [et_pb_line_break_holder] -->  <\/div>\n<p><!-- [et_pb_line_break_holder] -->  <span class=\"pseudo\" style=\"margin-left: -20px !important\">Apple PDF Bestellung<img decoding=\"async\" src=\"https:\/\/friedmann-photos.com\/wp-content\/uploads\/2019\/09\/icon-friedmann.svg\"><\/span><!-- [et_pb_line_break_holder] -->  <\/p>\n<div class=\"left pvo-flex\"><!-- [et_pb_line_break_holder] -->    <\/p>\n<div class=\"content\"><!-- [et_pb_line_break_holder] -->      <\/p>\n<div class=\"content-copy\"><!-- [et_pb_line_break_holder] -->        <pee  class=\" pvo-white\" style=\"font-weight: bold; line-height: 95%; letter-spacing: -0.04em; font-size: 48px;\">Mit einem Apple<!\u2013- [et_pb_br_holder] -\u2013>PDF bestellen<\/pee><!-- [et_pb_line_break_holder] -->        <pee style=\"font-size: 20px; line-height: 150%; letter-spacing: -0.01em;\" class=\" pvo-white\">Sie verwenden iPhoto, oder Fotos in den Versionen 1-3 und haben Ihr Fotobuch direkt mit den alten Apple Funktionen erstellt? Kein Problem!<!-- [et_pb_line_break_holder] -->Apple hat am 30.9.2018 die Produktion die Bestellm\u00f6glichkeit von Fotob\u00fcchern eingestellt, wir bieten Ihnen aber die M\u00f6glichkeit mit diesen PDF-Dateien noch Ihre B\u00fccher, Kalender und Karten nachzubestellen. F\u00fcr die Zukunft empfehlen wir Ihnen aber den Wechsel auf unsere direkte Erweiterung aus dem App Store.<!-- [et_pb_line_break_holder] -->        <\/pee><!-- [et_pb_line_break_holder] -->      <\/div>\n<p><!-- [et_pb_line_break_holder] -->      <\/p>\n<div class=\"anchor-content\"><!-- [et_pb_line_break_holder] -->          <a class=\"mehr-erfahren\" href=\"#\" style=\"border: 2px solid white; color: white;\">Mehr erfahren<\/a><!-- [et_pb_line_break_holder] -->      <\/div>\n<p><!-- [et_pb_line_break_holder] -->    <\/div>\n<p><!-- [et_pb_line_break_holder] -->  <\/div>\n<p><!-- [et_pb_line_break_holder] -->  <\/p>\n<div class=\"right pvo-flex\"><!-- [et_pb_line_break_holder] -->    <!-- [et_pb_line_break_holder] -->  <\/div>\n<p><!-- [et_pb_line_break_holder] --><\/div>\n<p>[\/et_pb_code][\/et_pb_column][\/et_pb_row][\/et_pb_section][et_pb_section fb_built=\u00bb1&#8243; disabled_on=\u00bbon|off|off\u00bb _builder_version=\u00bb4.0.4&#8243; custom_padding=\u00bb0px|||||\u00bb][et_pb_row _builder_version=\u00bb4.0.4&#8243;][et_pb_column type=\u00bb4_4&#8243; _builder_version=\u00bb4.0.4&#8243;][et_pb_code _builder_version=\u00bb4.0.4&#8243;]<\/p>\n<div id=\"mo-akzidenzen\"><!-- [et_pb_line_break_holder] -->  <!-- [et_pb_line_break_holder] --><\/div>\n<p><!-- [et_pb_line_break_holder] --><\/p>\n<div id=\"mo-spielkarten\"><!-- [et_pb_line_break_holder] -->  <!-- [et_pb_line_break_holder] --><\/div>\n<p><!-- [et_pb_line_break_holder] --><\/p>\n<div id=\"mo-kalender\"><!-- [et_pb_line_break_holder] -->  <!-- [et_pb_line_break_holder] --><\/div>\n<p><!-- [et_pb_line_break_holder] --><\/p>\n<div id=\"mo-puzzle\"><!-- [et_pb_line_break_holder] -->  <!-- [et_pb_line_break_holder] --><\/div>\n<p>[\/et_pb_code][\/et_pb_column][\/et_pb_row][\/et_pb_section][et_pb_section fb_built=\u00bb1&#8243; fullwidth=\u00bbon\u00bb disabled_on=\u00bboff|on|on\u00bb _builder_version=\u00bb4.0.2&#8243;][et_pb_fullwidth_code _builder_version=\u00bb4.4.5&#8243; hover_enabled=\u00bb0&#8243;]<\/p>\n<div class=\"pvo-footer-container-mobile\" style=\"background-color: #282828 !important;\"><!-- [et_pb_line_break_holder] --> \t\t\t<\/p>\n<div class=\"footer-left\"><!-- [et_pb_line_break_holder] -->    \t\t\t<\/p>\n<ul><!-- [et_pb_line_break_holder] -->     \t\t\t\t<\/p>\n<li class=\"pvo-logo-container\"><img decoding=\"async\" src=\"https:\/\/friedmann-photos.com\/wp-content\/uploads\/2019\/08\/FPDS-logo-white.png\" style=\"height: 40px; width: auto !important;\"><\/li>\n<p><!-- [et_pb_line_break_holder] -->   \t\t\t\t<\/ul>\n<p><!-- [et_pb_line_break_holder] -->  \t\t\t<\/div>\n<p><!-- [et_pb_line_break_holder] -->  \t\t\t<\/p>\n<div class=\"footer-right\"><!-- [et_pb_line_break_holder] -->  \t\t\t\t <pee class=\"pvo-white roboto\" style=\"font-weight: bold; font-size: letter-spacing: -0.04em; font-size: 18px !important;\"><!-- [et_pb_line_break_holder] -->     Innovation<!\u2013- [et_pb_br_holder] -\u2013>is our<!\u2013- [et_pb_br_holder] -\u2013><span class=\"roboto\" style=\"margin-left: 24%\">passion.<\/span><!-- [et_pb_line_break_holder] -->    \t\t\t<\/pee><!-- [et_pb_line_break_holder] -->  \t\t\t<\/div>\n<p><!-- [et_pb_line_break_holder] -->\t\t<\/div>\n<p>[\/et_pb_fullwidth_code][\/et_pb_section]<\/p>\n","protected":false},"excerpt":{"rendered":"<p>Nuestra aplicaci\u00f3n Nuestra ampliaci\u00f3n \u00abfriedmann print\u00bb para la Fotos.app de Apple est\u00e1 disponible exclusivamente en el Mac App Store. Nuestra aplicaci\u00f3n permite dise\u00f1ar \u00e1lbumes de fotos, calendarios y tarjetas directamente dentro de la Fotos.app. Por regla general, el env\u00edo de su pedido tiene lugar en menos de una semana. Si lo desea, enviamos su pedido [&hellip;]<\/p>\n","protected":false},"author":3,"featured_media":0,"parent":0,"menu_order":0,"comment_status":"closed","ping_status":"closed","template":"","meta":{"_et_pb_use_builder":"on","_et_pb_old_content":"","_et_gb_content_width":"","inline_featured_image":false,"footnotes":""},"class_list":["post-5757","page","type-page","status-publish","hentry"],"_links":{"self":[{"href":"https:\/\/friedmann-photos.com\/es\/wp-json\/wp\/v2\/pages\/5757","targetHints":{"allow":["GET"]}}],"collection":[{"href":"https:\/\/friedmann-photos.com\/es\/wp-json\/wp\/v2\/pages"}],"about":[{"href":"https:\/\/friedmann-photos.com\/es\/wp-json\/wp\/v2\/types\/page"}],"author":[{"embeddable":true,"href":"https:\/\/friedmann-photos.com\/es\/wp-json\/wp\/v2\/users\/3"}],"replies":[{"embeddable":true,"href":"https:\/\/friedmann-photos.com\/es\/wp-json\/wp\/v2\/comments?post=5757"}],"version-history":[{"count":12,"href":"https:\/\/friedmann-photos.com\/es\/wp-json\/wp\/v2\/pages\/5757\/revisions"}],"predecessor-version":[{"id":6526,"href":"https:\/\/friedmann-photos.com\/es\/wp-json\/wp\/v2\/pages\/5757\/revisions\/6526"}],"wp:attachment":[{"href":"https:\/\/friedmann-photos.com\/es\/wp-json\/wp\/v2\/media?parent=5757"}],"curies":[{"name":"wp","href":"https:\/\/api.w.org\/{rel}","templated":true}]}}