{"id":5798,"date":"2019-12-01T18:38:42","date_gmt":"2019-12-01T18:38:42","guid":{"rendered":"https:\/\/friedmann-photos.com\/?page_id=5798"},"modified":"2020-05-09T15:39:00","modified_gmt":"2020-05-09T15:39:00","slug":"cards","status":"publish","type":"page","link":"https:\/\/friedmann-photos.com\/es\/cards","title":{"rendered":"Cards"},"content":{"rendered":"<p>[et_pb_section fb_built=\u00bb1&#8243; fullwidth=\u00bbon\u00bb module_class=\u00bbtop-header\u00bb _builder_version=\u00bb3.29.3&#8243;][et_pb_fullwidth_code disabled_on=\u00bboff|off|off\u00bb _builder_version=\u00bb4.0.7&#8243; background_color=\u00bb#ffffff\u00bb]<\/p>\n<div class=\"pvo-hero-container\"><!-- [et_pb_line_break_holder] -->  <\/p>\n<div class=\"pvo-hero-left pvo-flex\" style=\"background-image: url('https:\/\/friedmann-photos.com\/wp-content\/uploads\/2019\/11\/karten_bg.jpg'); \"><!-- [et_pb_line_break_holder] -->    <img decoding=\"async\" style=\"height: 95% !important; width: auto; margin: auto 0;\" src=\"https:\/\/friedmann-photos.com\/wp-content\/uploads\/2019\/08\/FPDS-logo-max.png\"><!-- [et_pb_line_break_holder] -->  <\/div>\n<p><!-- [et_pb_line_break_holder] -->  <\/p>\n<div class=\"pvo-hero-right\"><!-- [et_pb_line_break_holder] -->    <\/p>\n<div clas=\"aside-container\"><!-- [et_pb_line_break_holder] -->      <\/p>\n<ul class=\"lang-ul\"><!-- [et_pb_line_break_holder] -->        <\/p>\n<li><span class=\"divider\"><\/span><\/li>\n<p><!-- [et_pb_line_break_holder] -->      <\/p>\n<li><a class=\"vertical-rl\" href=\"#\" style=\"color: #E53127; font-weight: bold;\"><!-- [et_pb_line_break_holder] -->        Espa\u00f1ol<!-- [et_pb_line_break_holder] -->      <\/a><!-- [et_pb_line_break_holder] -->        <\/ul>\n<p>   <!-- [et_pb_line_break_holder] -->  <\/div>\n<p><!-- [et_pb_line_break_holder] --><\/div>\n<p><!-- [et_pb_line_break_holder] --><!-- [et_pb_line_break_holder] -->  <!-- [et_pb_line_break_holder] --><!-- [et_pb_line_break_holder] --><!-- [et_pb_line_break_holder] -->      <!-- [et_pb_line_break_holder] -->    [\/et_pb_fullwidth_code][\/et_pb_section][et_pb_section fb_built=\u00bb1&#8243; disabled_on=\u00bbon|off|off\u00bb _builder_version=\u00bb4.0.4&#8243; custom_padding=\u00bb0px||120px|||\u00bb][et_pb_row _builder_version=\u00bb3.29.3&#8243; custom_padding=\u00bb88px|||||\u00bb][et_pb_column type=\u00bb4_4&#8243; _builder_version=\u00bb3.29.3&#8243;][et_pb_code _builder_version=\u00bb4.0.2&#8243;]<\/p>\n<div class=\"vector-container vector-s\"><!-- [et_pb_line_break_holder] -->  <\/p>\n<div class=\"vector vector1\"><\/div>\n<p><!-- [et_pb_line_break_holder] -->  <\/p>\n<div class=\"vector vector2\"><\/div>\n<p><!-- [et_pb_line_break_holder] -->  <\/p>\n<div class=\"vector vector3\"><\/div>\n<p><!-- [et_pb_line_break_holder] -->  <\/p>\n<div class=\"vector vector4\"><\/div>\n<p><!-- [et_pb_line_break_holder] -->  <\/p>\n<div class=\"vector vector5\"><\/div>\n<p>\t<!-- [et_pb_line_break_holder] -->  <\/p>\n<div class=\"vector vector6\"><\/div>\n<p>\t<!-- [et_pb_line_break_holder] --><\/div>\n<p>[\/et_pb_code][\/et_pb_column][\/et_pb_row][et_pb_row column_structure=\u00bb2_5,3_5&#8243; use_custom_gutter=\u00bbon\u00bb module_class=\u00bbcontainer-rel\u00bb _builder_version=\u00bb4.0.2&#8243; width=\u00bb100%\u00bb custom_padding=\u00bb55px||35px|13%|false|false\u00bb][et_pb_column type=\u00bb2_5&#8243; _builder_version=\u00bb3.27.4&#8243;][et_pb_text _builder_version=\u00bb4.0.7&#8243; header_line_height=\u00bb0em\u00bb custom_padding=\u00bb|3px||3px|false|false\u00bb]<\/p>\n<p class=\"subheadline\"> Tarjetas <\/p>\n<div class=\"red-underline\"><\/div>\n<h3> Tarjetas postales y de saludo <\/h3>\n<p>[\/et_pb_text][et_pb_code _builder_version=\u00bb3.27.4&#8243;][\/et_pb_code][\/et_pb_column][et_pb_column type=\u00bb3_5&#8243; _builder_version=\u00bb3.27.4&#8243;][et_pb_text _builder_version=\u00bb4.0.7&#8243; text_font=\u00bbRoboto||||||||\u00bb text_text_color=\u00bb#000000&#8243; text_font_size=\u00bb18px\u00bb width=\u00bb100%\u00bb custom_margin=\u00bb|-832px|0px||false|false\u00bb custom_padding=\u00bb80px||90px||false|false\u00bb custom_css_main_element=\u00bbmargin-top: 40px;||width: 85%;\u00bb]<\/p>\n<p class=\"copy\"> Ya sean invitaciones de boda, tarjetas de nacimiento o tarjetas navide\u00f1as: las tarjetas imprimidas de alta calidad le muestran al destinatario el valor que no puede transmitir un mensaje de chat, correo electr\u00f3nico o una invitaci\u00f3n verbal.<br \/>\nRealizamos tarjetas postales y de saludo en un papel fino con un blanco inmaculado. Con nuestros \u00e1lbumes tiene la posibilidad de colocar textos en la p\u00e1gina exterior con un acabado de l\u00e1mina dorada para as\u00ed destacar m\u00e1s su alta calidad.<br \/>\nLa cantidad m\u00ednima de pedido es 10 tarjetas, despu\u00e9s se venden las tarjetas en paquetes de 5. <\/p>\n<p><a href=\"https:\/\/apps.apple.com\/app\/friedmann-print\/id1482660936\"><br \/>\n<img decoding=\"async\" src=\"https:\/\/friedmann-photos.com\/wp-content\/uploads\/2019\/12\/badge_ES.png\" width=242px ><\/a>[\/et_pb_text][\/et_pb_column][\/et_pb_row][\/et_pb_section][et_pb_section fb_built=\u00bb1&#8243; disabled_on=\u00bboff|on|on\u00bb _builder_version=\u00bb4.0.4&#8243; custom_padding=\u00bb0px||40px|||\u00bb][et_pb_row use_custom_gutter=\u00bbon\u00bb module_class=\u00bbcontainer-rel\u00bb _builder_version=\u00bb4.0.6&#8243; width=\u00bb100%\u00bb custom_padding=\u00bb0px|10%|35px|10%|false|false\u00bb][et_pb_column type=\u00bb4_4&#8243; _builder_version=\u00bb3.27.4&#8243;][et_pb_text _builder_version=\u00bb4.0.7&#8243; header_line_height=\u00bb0em\u00bb custom_margin=\u00bb||14px|||\u00bb custom_padding=\u00bb|3px|4px|3px|false|false\u00bb]<\/p>\n<p class=\"subheadline\"> Tarjetas <\/p>\n<div class=\"red-underline\"><\/div>\n<h3 style=\"font-size: 42px !important\">Tarjetas postales y de saludo<br \/>\n<\/h3>\n<p>[\/et_pb_text][et_pb_text _builder_version=\u00bb4.0.7&#8243;]<\/p>\n<p class=\"copy\"> Ya sean invitaciones de boda, tarjetas de nacimiento o tarjetas navide\u00f1as: las tarjetas imprimidas de alta calidad le muestran al destinatario el valor que no puede transmitir un mensaje de chat, correo electr\u00f3nico o una invitaci\u00f3n verbal.<br \/>\nRealizamos tarjetas postales y de saludo en un papel fino con un blanco inmaculado. Con nuestros \u00e1lbumes tiene la posibilidad de colocar textos en la p\u00e1gina exterior con un acabado de l\u00e1mina dorada para as\u00ed destacar m\u00e1s su alta calidad.<br \/>\nLa cantidad m\u00ednima de pedido es 10 tarjetas, despu\u00e9s se venden las tarjetas en paquetes de 5. <\/p>\n<p><a href=\"https:\/\/apps.apple.com\/app\/friedmann-print\/id1482660936\"><br \/>\n<img decoding=\"async\" src=\"https:\/\/friedmann-photos.com\/wp-content\/uploads\/2019\/12\/badge_ES.png\" width=242px ><\/a>[\/et_pb_text][\/et_pb_column][\/et_pb_row][\/et_pb_section][et_pb_section fb_built=\u00bb1&#8243; disabled_on=\u00bbon|off|off\u00bb _builder_version=\u00bb4.0.2&#8243; custom_padding=\u00bb||34px|||\u00bb][et_pb_row column_structure=\u00bb1_3,1_3,1_3&#8243; use_custom_gutter=\u00bbon\u00bb gutter_width=\u00bb2&#8243; make_equal=\u00bbon\u00bb _builder_version=\u00bb3.29.3&#8243; custom_margin=\u00bb15px|auto||auto||\u00bb custom_padding=\u00bb|26px||10%|false|false\u00bb][et_pb_column type=\u00bb1_3&#8243; _builder_version=\u00bb3.29.3&#8243;][et_pb_code _builder_version=\u00bb3.29.3&#8243;]<\/p>\n<div class=\"spielkarten-container splk4\"><!-- [et_pb_line_break_holder] -->  <!-- [et_pb_line_break_holder] --><\/div>\n<p>[\/et_pb_code][et_pb_text _builder_version=\u00bb4.0.7&#8243; custom_padding=\u00bb15px|||||\u00bb]<\/p>\n<h3 style=\"font-size: 48px !important; padding-bottom: 30px;\"> Papel ultrafino <\/h3>\n<div class=\"red-underline\"><\/div>\n<p style=\"font-size: 20px; letter-spacing: -1%;\"> Imprimimos todas las tarjetas en el papel ultrafino de la empresa <span>\u00abFedrigoni\u00bb<\/span>. El papel tiene una superficie mate, semiestucada, lo que permite obtener unos excelentes resultados de impresi\u00f3n. <\/p>\n<p>[\/et_pb_text][\/et_pb_column][et_pb_column type=\u00bb1_3&#8243; _builder_version=\u00bb3.29.3&#8243;][et_pb_code _builder_version=\u00bb4.0.6&#8243; custom_margin=\u00bb270px|||||\u00bb]<\/p>\n<div class=\"spielkarten-container splk5\"><!-- [et_pb_line_break_holder] -->  <!-- [et_pb_line_break_holder] --><\/div>\n<p>[\/et_pb_code][et_pb_text _builder_version=\u00bb4.0.7&#8243; custom_padding=\u00bb15px|||||\u00bb]<\/p>\n<h3 style=\"font-size: 48px !important; padding-bottom: 30px;\">Acabado con l\u00e1mina dorada<\/h3>\n<div class=\"red-underline\"><\/div>\n<p style=\"font-size: 20px; letter-spacing: -1%;\"> En todas las tarjetas, el texto de la p\u00e1gina exterior de la tarjeta se puede ensalzar con una l\u00e1mina dorada. En este caso, el texto que se quiere resaltar se cubre con una l\u00e1mina dorada y obtiene una apariencia tridimensional. El acabado con l\u00e1mina dorada sigue siendo una opci\u00f3n gratuita. <\/p>\n<p>[\/et_pb_text][\/et_pb_column][et_pb_column type=\u00bb1_3&#8243; _builder_version=\u00bb3.29.3&#8243;][et_pb_code _builder_version=\u00bb4.0.6&#8243;]<\/p>\n<div class=\"spielkarten-container splk6\"><!-- [et_pb_line_break_holder] -->  <!-- [et_pb_line_break_holder] --><\/div>\n<p>[\/et_pb_code][et_pb_text _builder_version=\u00bb4.0.7&#8243; custom_padding=\u00bb15px|||||\u00bb]<\/p>\n<h3 style=\"font-size: 48px !important; padding-bottom: 30px;\">Los sobres se adjuntan siempre<\/h3>\n<div class=\"red-underline\"><\/div>\n<p style=\"font-size: 20px; letter-spacing: -1%;\"> B\u00e1sicamente, con cada pedido de tarjetas se adjunta gratuitamente el mismo n\u00famero de sobres autoadhesivos. <\/p>\n<p>[\/et_pb_text][\/et_pb_column][\/et_pb_row][et_pb_row _builder_version=\u00bb4.0.2&#8243; width=\u00bb100%\u00bb custom_margin=\u00bb-3px|auto||auto||\u00bb custom_padding=\u00bb1px|||||\u00bb][et_pb_column type=\u00bb4_4&#8243; _builder_version=\u00bb4.0.2&#8243;][et_pb_code _builder_version=\u00bb4.0.2&#8243; custom_margin=\u00bb1px||-3px|||\u00bb]<\/p>\n<div class=\"pvo-img-container-mobile\" style=\"height: 260px !important;\"><!-- [et_pb_line_break_holder] -->  <\/p>\n<div class=\"left mbg17\" style=\"width: 100% !important;\"><!-- [et_pb_line_break_holder] -->    <span><\/span><!-- [et_pb_line_break_holder] -->  <\/div>\n<p><!-- [et_pb_line_break_holder] --><\/div>\n<p>[\/et_pb_code][\/et_pb_column][\/et_pb_row][\/et_pb_section][et_pb_section fb_built=\u00bb1&#8243; disabled_on=\u00bboff|on|on\u00bb _builder_version=\u00bb4.0.2&#8243; custom_margin=\u00bb4px|||||\u00bb custom_padding=\u00bb0px||50px||false|false\u00bb][et_pb_row _builder_version=\u00bb4.0.2&#8243; width=\u00bb100%\u00bb custom_margin=\u00bb-3px|auto||auto||\u00bb custom_padding=\u00bb22px|||||\u00bb][et_pb_column type=\u00bb4_4&#8243; _builder_version=\u00bb4.0.2&#8243;][et_pb_code _builder_version=\u00bb4.0.4&#8243; custom_margin=\u00bb23px|||||\u00bb]<\/p>\n<div class=\"pvo-img-container-mobile\" style=\"height: 260px !important;\"><!-- [et_pb_line_break_holder] -->  <\/p>\n<div class=\"left mbg16\" style=\"width: 100% !important;\"><!-- [et_pb_line_break_holder] -->    <span><\/span><!-- [et_pb_line_break_holder] -->  <\/div>\n<p><!-- [et_pb_line_break_holder] --><\/div>\n<p>[\/et_pb_code][\/et_pb_column][\/et_pb_row][et_pb_row _builder_version=\u00bb4.0.2&#8243; custom_padding=\u00bb30px||0px|||\u00bb][et_pb_column type=\u00bb4_4&#8243; _builder_version=\u00bb4.0.2&#8243;][et_pb_code _builder_version=\u00bb4.0.7&#8243;]<\/p>\n<h3 style=\"line-height: 95%; font-weight: bold; font-size: 36px !important;letter-spacing: -0.04em;\">Papel ultrafino<\/h3>\n<p><!-- [et_pb_line_break_holder] --><pee style=\"padding-top: 20px\" class=\"copy\"> Imprimimos todas las tarjetas en el papel ultrafino de la empresa <span>\u00abFedrigoni\u00bb<\/span>. El papel tiene una superficie mate, semiestucada, lo que permite obtener unos excelentes resultados de impresi\u00f3n. <\/pee><!-- [et_pb_line_break_holder] -->[\/et_pb_code][\/et_pb_column][\/et_pb_row][\/et_pb_section][et_pb_section fb_built=\u00bb1&#8243; disabled_on=\u00bboff|on|on\u00bb _builder_version=\u00bb4.0.4&#8243; custom_padding=\u00bb0px||0px||false|false\u00bb][et_pb_row _builder_version=\u00bb4.0.2&#8243; width=\u00bb100%\u00bb custom_margin=\u00bb-3px|auto||auto||\u00bb custom_padding=\u00bb1px|||||\u00bb][et_pb_column type=\u00bb4_4&#8243; _builder_version=\u00bb4.0.2&#8243;][et_pb_code _builder_version=\u00bb4.0.2&#8243; custom_margin=\u00bb1px||-3px|||\u00bb]<\/p>\n<div class=\"pvo-img-container-mobile\" style=\"height: 260px !important;\"><!-- [et_pb_line_break_holder] -->  <\/p>\n<div class=\"left mbg21\" style=\"width: 100% !important;\"><!-- [et_pb_line_break_holder] -->    <span><\/span><!-- [et_pb_line_break_holder] -->  <\/div>\n<p><!-- [et_pb_line_break_holder] --><\/div>\n<p>[\/et_pb_code][\/et_pb_column][\/et_pb_row][et_pb_row _builder_version=\u00bb4.0.2&#8243; custom_padding=\u00bb30px||0px|||\u00bb][et_pb_column type=\u00bb4_4&#8243; _builder_version=\u00bb4.0.2&#8243;][et_pb_code _builder_version=\u00bb4.0.7&#8243;]<\/p>\n<h3 style=\"line-height: 95%; font-weight: bold; font-size: 36px !important;letter-spacing: -0.04em;\">Acabado con l\u00e1mina dorada<\/h3>\n<p><!-- [et_pb_line_break_holder] --><pee style=\"padding-top: 20px\" class=\"copy\">En todas las tarjetas, el texto de la p\u00e1gina exterior de la tarjeta se puede ensalzar con una l\u00e1mina dorada. En este caso, el texto que se quiere resaltar se cubre con una l\u00e1mina dorada y obtiene una apariencia tridimensional. El acabado con l\u00e1mina dorada sigue siendo una opci\u00f3n gratuita.<!-- [et_pb_line_break_holder] --><\/pee><!-- [et_pb_line_break_holder] -->[\/et_pb_code][\/et_pb_column][\/et_pb_row][\/et_pb_section][et_pb_section fb_built=\u00bb1&#8243; disabled_on=\u00bboff|on|on\u00bb _builder_version=\u00bb4.0.4&#8243; custom_padding=\u00bb5px||16px||false|false\u00bb][et_pb_row _builder_version=\u00bb4.0.2&#8243; width=\u00bb100%\u00bb custom_margin=\u00bb-3px|auto||auto||\u00bb custom_padding=\u00bb1px|||||\u00bb][et_pb_column type=\u00bb4_4&#8243; _builder_version=\u00bb4.0.2&#8243;][et_pb_code _builder_version=\u00bb4.0.2&#8243; custom_margin=\u00bb23px|||||\u00bb custom_padding=\u00bb0px|||||\u00bb]<\/p>\n<div class=\"pvo-img-container-mobile\" style=\"height: 260px !important;\"><!-- [et_pb_line_break_holder] -->  <\/p>\n<div class=\"left mbg18\" style=\"width: 100% !important;\"><!-- [et_pb_line_break_holder] -->    <span><\/span><!-- [et_pb_line_break_holder] -->  <\/div>\n<p><!-- [et_pb_line_break_holder] --><\/div>\n<p>[\/et_pb_code][\/et_pb_column][\/et_pb_row][et_pb_row _builder_version=\u00bb4.0.2&#8243; custom_padding=\u00bb30px||0px|||\u00bb][et_pb_column type=\u00bb4_4&#8243; _builder_version=\u00bb4.0.2&#8243;][et_pb_code _builder_version=\u00bb4.0.7&#8243; custom_margin=\u00bb-8px|||||\u00bb custom_padding=\u00bb||70px|||\u00bb]<\/p>\n<h3 style=\"line-height: 95%; font-weight: bold; font-size: 36px !important;letter-spacing: -0.04em;\">Los sobres se adjuntan siempre<\/h3>\n<p><!-- [et_pb_line_break_holder] --><pee style=\"padding-top: 20px\" class=\"copy\">B\u00e1sicamente, con cada pedido de tarjetas se adjunta gratuitamente el mismo n\u00famero de sobres autoadhesivos.<\/pee><!-- [et_pb_line_break_holder] -->[\/et_pb_code][\/et_pb_column][\/et_pb_row][\/et_pb_section][et_pb_section fb_built=\u00bb1&#8243; disabled_on=\u00bbon|off|off\u00bb _builder_version=\u00bb4.0.6&#8243; custom_padding=\u00bb16px||174px|||\u00bb][et_pb_row _builder_version=\u00bb4.0.2&#8243; custom_margin=\u00bb-3px|auto||auto||\u00bb][et_pb_column type=\u00bb4_4&#8243; _builder_version=\u00bb4.0.2&#8243;][et_pb_code _builder_version=\u00bb4.0.2&#8243;]<\/p>\n<div class=\"vector-container vector-xs\"><!-- [et_pb_line_break_holder] -->  <\/p>\n<div class=\"vector vector1\"><\/div>\n<p><!-- [et_pb_line_break_holder] -->  <\/p>\n<div class=\"vector vector2\"><\/div>\n<p><!-- [et_pb_line_break_holder] -->  <\/p>\n<div class=\"vector vector3\"><\/div>\n<p><!-- [et_pb_line_break_holder] -->  <\/p>\n<div class=\"vector vector4\"><\/div>\n<p><!-- [et_pb_line_break_holder] -->  <\/p>\n<div class=\"vector vector5\"><\/div>\n<p>\t<!-- [et_pb_line_break_holder] -->  <\/p>\n<div class=\"vector vector6\"><\/div>\n<p>\t<!-- [et_pb_line_break_holder] --><\/div>\n<p>[\/et_pb_code][\/et_pb_column][\/et_pb_row][et_pb_row _builder_version=\u00bb4.0.2&#8243; custom_padding=\u00bb|||10%|false|false\u00bb][et_pb_column type=\u00bb4_4&#8243; _builder_version=\u00bb4.0.2&#8243;][et_pb_code _builder_version=\u00bb4.4.5&#8243; hover_enabled=\u00bb0&#8243;]<\/p>\n<table><!-- [et_pb_line_break_holder] --><\/p>\n<tbody><!-- [et_pb_line_break_holder] --><\/p>\n<tr class=\"table-head\"><!-- [et_pb_line_break_holder] --><\/p>\n<th>Cantidad<\/th>\n<p><!-- [et_pb_line_break_holder] --><\/p>\n<th>Papeles<\/th>\n<p><!-- [et_pb_line_break_holder] --><\/p>\n<th>Tarjeta postal DINA6,<!\u2013- [et_pb_br_holder] -\u2013>de 2 lados, todas <!\u2013- [et_pb_br_holder] -\u2013>las variantes<!-- [et_pb_line_break_holder] --><\/th>\n<p><!-- [et_pb_line_break_holder] --><\/p>\n<th>Tarjeta plegable DIN\u00a0A6,<!\u2013- [et_pb_br_holder] -\u2013>de 4 lados, todas <!\u2013- [et_pb_br_holder] -\u2013>las variantes<\/th>\n<p><!-- [et_pb_line_break_holder] --><\/tr>\n<p><!-- [et_pb_line_break_holder] --><\/p>\n<tr><!-- [et_pb_line_break_holder] --><\/p>\n<td>Precio base de 10 tarjetas postales o de saludo<\/td>\n<p><!-- [et_pb_line_break_holder] --><\/p>\n<td>Matt<\/td>\n<p><!-- [et_pb_line_break_holder] --><\/p>\n<td>9,00 EUR*<\/td>\n<p><!-- [et_pb_line_break_holder] --><\/p>\n<td>13,00 EUR*<\/td>\n<p><!-- [et_pb_line_break_holder] --><\/tr>\n<p><!-- [et_pb_line_break_holder] --><\/p>\n<tr><!-- [et_pb_line_break_holder] --><\/p>\n<td>por cada tarjeta adicional<\/td>\n<p><!-- [et_pb_line_break_holder] --><\/p>\n<td>Matt<\/td>\n<p><!-- [et_pb_line_break_holder] --><\/p>\n<td>0,90 EUR*<\/td>\n<p><!-- [et_pb_line_break_holder] --><\/p>\n<td>1,30 EUR*<\/td>\n<p><!-- [et_pb_line_break_holder] --><\/tr>\n<p><!-- [et_pb_line_break_holder] -->  <\/p>\n<tr><!-- [et_pb_line_break_holder] --><\/p>\n<td style=\"font-size: 12px; font-weight: 400\"> Tiempo de producci\u00f3n m\u00e1s <a href=\"https:\/\/helpcenter.friedmann-photos.com\/en\/articles\/3373412-international-shipping-costs-and-delivery-times\">Tiempo de entrega <\/a><\/td>\n<p><!-- [et_pb_line_break_holder] --><\/p>\n<td style=\"font-size: 12px; font-weight: 400\"><\/td>\n<p><!-- [et_pb_line_break_holder] --><\/p>\n<td style=\"font-size: 12px; font-weight: 400\">3-5 D\u00edas de trabajo <\/td>\n<p><!-- [et_pb_line_break_holder] --><\/p>\n<td style=\"font-size: 12px; font-weight: 400\">3-5 D\u00edas de trabajo <\/td>\n<p><!-- [et_pb_line_break_holder] --><\/tr>\n<p><!-- [et_pb_line_break_holder] --><!-- [et_pb_line_break_holder] --><\/tbody>\n<p><!-- [et_pb_line_break_holder] --><\/table>\n<p><!-- [et_pb_line_break_holder] -->  <!\u2013- [et_pb_br_holder] -\u2013><!-- [et_pb_line_break_holder] --><pee style=\"font-size: 10px\"><!-- [et_pb_line_break_holder] -->  * Todos los precios incluyen el IVA y los <a href=\"https:\/\/helpcenter.friedmann-photos.com\/en\/articles\/3373412-international-shipping-costs-and-delivery-times\" target=\"_blank\" rel=\"noopener noreferrer\">gastos de env\u00edo.<\/a><!-- [et_pb_line_break_holder] -->  <\/pee>[\/et_pb_code][\/et_pb_column][\/et_pb_row][\/et_pb_section][et_pb_section fb_built=\u00bb1&#8243; disabled_on=\u00bboff|on|on\u00bb _builder_version=\u00bb4.0.6&#8243; custom_padding=\u00bb1px||70px|||\u00bb][et_pb_row _builder_version=\u00bb4.0.2&#8243; custom_padding=\u00bb|||0%|false|false\u00bb][et_pb_column type=\u00bb4_4&#8243; _builder_version=\u00bb4.0.2&#8243;][et_pb_code _builder_version=\u00bb4.4.5&#8243; hover_enabled=\u00bb0&#8243;]<pee class=\"tabel-header\">Precio base de 10 tarjetas postales o de saludo<!\u2013- [et_pb_br_holder] -\u2013><em>Papeles: Matt<\/em><\/pee><!-- [et_pb_line_break_holder] --><span class=\"red-divider\"><\/span><!-- [et_pb_line_break_holder] --><\/p>\n<div class=\"tabel-flex\"><!-- [et_pb_line_break_holder] -->  <pee><!-- [et_pb_line_break_holder] -->    Tarjeta postal DIN\u00a0A6, de 2 lados, todas las variantes<!-- [et_pb_line_break_holder] -->  <\/pee><!-- [et_pb_line_break_holder] -->  <pee><!-- [et_pb_line_break_holder] -->    9,00 EUR*<!-- [et_pb_line_break_holder] -->  <\/pee><!-- [et_pb_line_break_holder] --><\/div>\n<p><!-- [et_pb_line_break_holder] --><\/p>\n<div class=\"tabel-flex\"><!-- [et_pb_line_break_holder] -->  <pee><!-- [et_pb_line_break_holder] -->    Tarjeta plegable DIN\u00a0A6, de 4 lados, todas las variantes<!-- [et_pb_line_break_holder] --><!-- [et_pb_line_break_holder] -->  <\/pee><!-- [et_pb_line_break_holder] -->  <pee><!-- [et_pb_line_break_holder] -->    13,00 EUR*<!-- [et_pb_line_break_holder] -->  <\/pee><!-- [et_pb_line_break_holder] --><\/div>\n<p><!-- [et_pb_line_break_holder] --><!\u2013- [et_pb_br_holder] -\u2013><!-- [et_pb_line_break_holder] --><pee class=\"tabel-header\"><!-- [et_pb_line_break_holder] -->  por cada tarjeta adicional<!-- [et_pb_line_break_holder] --><\/pee><!-- [et_pb_line_break_holder] --><\/p>\n<div class=\"tabel-flex\"><!-- [et_pb_line_break_holder] -->  <pee><!-- [et_pb_line_break_holder] -->    Tarjeta postal DIN\u00a0A6, de 2 lados, todas las variantes<!-- [et_pb_line_break_holder] -->  <\/pee><!-- [et_pb_line_break_holder] -->  <pee><!-- [et_pb_line_break_holder] -->    0,90 EUR*<!-- [et_pb_line_break_holder] -->  <\/pee><!-- [et_pb_line_break_holder] --><\/div>\n<p><!-- [et_pb_line_break_holder] --><\/p>\n<div class=\"tabel-flex\"><!-- [et_pb_line_break_holder] -->  <pee><!-- [et_pb_line_break_holder] -->    Tarjeta plegable DIN\u00a0A6, de 4 lados, todas las variantes<!-- [et_pb_line_break_holder] --><!-- [et_pb_line_break_holder] -->  <\/pee><!-- [et_pb_line_break_holder] -->  <pee><!-- [et_pb_line_break_holder] -->    1,30 EUR*<!-- [et_pb_line_break_holder] -->  <\/pee><!-- [et_pb_line_break_holder] --><\/div>\n<p><!-- [et_pb_line_break_holder] --><\/p>\n<div class=\"tabel-flex\"><!-- [et_pb_line_break_holder] -->  <pee style=\"font-size: 10px !important;  font-weight: 400; padding-bottom: 0\"><!-- [et_pb_line_break_holder] -->    Tiempo de producci\u00f3n m\u00e1s <a href=\"https:\/\/helpcenter.friedmann-photos.com\/en\/articles\/3373412-international-shipping-costs-and-delivery-times<!-- [et_pb_line_break_holder] -->\u00ab> Tiempo de entrega <\/a><!-- [et_pb_line_break_holder] -->  <\/pee><!-- [et_pb_line_break_holder] -->  <pee style=\"font-size: 10px !important; font-weight: 400;\"><!-- [et_pb_line_break_holder] -->   3-5 D\u00edas de trabajo<!-- [et_pb_line_break_holder] -->  <\/pee><!-- [et_pb_line_break_holder] --><\/div>\n<p><!-- [et_pb_line_break_holder] --><pee class=\"tabel-disclaimer\" style=\"padding-top: 10px\">* Todos los precios incluyen el IVA y los <a href=\"https:\/\/helpcenter.friedmann-photos.com\/en\/articles\/3373412-international-shipping-costs-and-delivery-times\" target=\"_blank\" rel=\"noopener noreferrer\">gastos de env\u00edo. <\/a><!-- [et_pb_line_break_holder] -->  <\/pee><!-- [et_pb_line_break_holder] --><!-- [et_pb_line_break_holder] --><!-- [et_pb_line_break_holder] -->[\/et_pb_code][\/et_pb_column][\/et_pb_row][\/et_pb_section][et_pb_section fb_built=\u00bb1&#8243; fullwidth=\u00bbon\u00bb admin_label=\u00bbNavbar\u00bb _builder_version=\u00bb3.29.3&#8243; saved_tabs=\u00bball\u00bb][\/et_pb_section][et_pb_section fb_built=\u00bb1&#8243; fullwidth=\u00bbon\u00bb admin_label=\u00bbFooter\u00bb _builder_version=\u00bb3.29.3&#8243;][\/et_pb_section][et_pb_section fb_built=\u00bb1&#8243; fullwidth=\u00bbon\u00bb disabled_on=\u00bboff|on|on\u00bb _builder_version=\u00bb4.0.2&#8243;][et_pb_fullwidth_code _builder_version=\u00bb4.4.5&#8243;]<\/p>\n<div class=\"pvo-footer-container-mobile\"><!-- [et_pb_line_break_holder] --> \t\t\t<\/p>\n<div class=\"footer-left\"><!-- [et_pb_line_break_holder] -->    \t\t\t<\/p>\n<ul><!-- [et_pb_line_break_holder] -->     \t\t\t\t<\/p>\n<li class=\"pvo-logo-container\"><img decoding=\"async\" src=\"https:\/\/friedmann-photos.com\/wp-content\/uploads\/2019\/08\/FPDS-logo-white.png\" style=\"height: 40px; width: auto;\"><\/li>\n<p><!-- [et_pb_line_break_holder] -->   \t\t\t\t<\/ul>\n<p><!-- [et_pb_line_break_holder] -->  \t\t\t<\/div>\n<p><!-- [et_pb_line_break_holder] -->  \t\t\t<\/p>\n<div class=\"footer-right\"><!-- [et_pb_line_break_holder] -->  \t\t\t\t <pee class=\"pvo-white roboto\" style=\"font-weight: bold; font-size: letter-spacing: -0.04em; font-size: 18px !important;\"><!-- [et_pb_line_break_holder] -->     Innovation<!\u2013- [et_pb_br_holder] -\u2013>is our<!\u2013- [et_pb_br_holder] -\u2013><span class=\"roboto\" style=\"margin-left: 24%\">passion.<\/span><!-- [et_pb_line_break_holder] -->    \t\t\t<\/pee><!-- [et_pb_line_break_holder] -->  \t\t\t<\/div>\n<p><!-- [et_pb_line_break_holder] -->\t\t<\/div>\n<p>[\/et_pb_fullwidth_code][\/et_pb_section]<\/p>\n","protected":false},"excerpt":{"rendered":"<p>Tarjetas Tarjetas postales y de saludo Ya sean invitaciones de boda, tarjetas de nacimiento o tarjetas navide\u00f1as: las tarjetas imprimidas de alta calidad le muestran al destinatario el valor que no puede transmitir un mensaje de chat, correo electr\u00f3nico o una invitaci\u00f3n verbal. Realizamos tarjetas postales y de saludo en un papel fino con un [&hellip;]<\/p>\n","protected":false},"author":3,"featured_media":0,"parent":0,"menu_order":0,"comment_status":"closed","ping_status":"closed","template":"","meta":{"_et_pb_use_builder":"on","_et_pb_old_content":"","_et_gb_content_width":"","inline_featured_image":false,"footnotes":""},"class_list":["post-5798","page","type-page","status-publish","hentry"],"_links":{"self":[{"href":"https:\/\/friedmann-photos.com\/es\/wp-json\/wp\/v2\/pages\/5798","targetHints":{"allow":["GET"]}}],"collection":[{"href":"https:\/\/friedmann-photos.com\/es\/wp-json\/wp\/v2\/pages"}],"about":[{"href":"https:\/\/friedmann-photos.com\/es\/wp-json\/wp\/v2\/types\/page"}],"author":[{"embeddable":true,"href":"https:\/\/friedmann-photos.com\/es\/wp-json\/wp\/v2\/users\/3"}],"replies":[{"embeddable":true,"href":"https:\/\/friedmann-photos.com\/es\/wp-json\/wp\/v2\/comments?post=5798"}],"version-history":[{"count":8,"href":"https:\/\/friedmann-photos.com\/es\/wp-json\/wp\/v2\/pages\/5798\/revisions"}],"predecessor-version":[{"id":6682,"href":"https:\/\/friedmann-photos.com\/es\/wp-json\/wp\/v2\/pages\/5798\/revisions\/6682"}],"wp:attachment":[{"href":"https:\/\/friedmann-photos.com\/es\/wp-json\/wp\/v2\/media?parent=5798"}],"curies":[{"name":"wp","href":"https:\/\/api.w.org\/{rel}","templated":true}]}}