{"id":5172,"date":"2019-11-17T11:12:40","date_gmt":"2019-11-17T11:12:40","guid":{"rendered":"https:\/\/friedmann-photos.com\/?page_id=5172"},"modified":"2020-05-09T15:14:03","modified_gmt":"2020-05-09T15:14:03","slug":"cards","status":"publish","type":"page","link":"https:\/\/friedmann-photos.com\/pt-pt\/cards","title":{"rendered":"Cards"},"content":{"rendered":"<p>[et_pb_section fb_built=&#8221;1&#8243; fullwidth=&#8221;on&#8221; module_class=&#8221;top-header&#8221; _builder_version=&#8221;3.29.3&#8243;][et_pb_fullwidth_code disabled_on=&#8221;off|off|off&#8221; _builder_version=&#8221;4.0.6&#8243; background_color=&#8221;#ffffff&#8221;]<\/p>\n<div class=\"pvo-hero-container\"><!-- [et_pb_line_break_holder] -->  <\/p>\n<div class=\"pvo-hero-left pvo-flex\" style=\"background-image: url('https:\/\/friedmann-photos.com\/wp-content\/uploads\/2019\/11\/karten_bg.jpg'); \"><!-- [et_pb_line_break_holder] -->    <img decoding=\"async\" style=\"height: 95% !important; width: auto; margin: auto 0;\" src=\"https:\/\/friedmann-photos.com\/wp-content\/uploads\/2019\/08\/FPDS-logo-max.png\"><!-- [et_pb_line_break_holder] -->  <\/div>\n<p><!-- [et_pb_line_break_holder] -->  <\/p>\n<div class=\"pvo-hero-right\"><!-- [et_pb_line_break_holder] -->    <\/p>\n<div clas=\"aside-container\"><!-- [et_pb_line_break_holder] -->      <\/p>\n<ul class=\"lang-ul\"><!-- [et_pb_line_break_holder] -->        <\/p>\n<li><span class=\"divider\"><\/span><\/li>\n<p><!-- [et_pb_line_break_holder] -->      <\/p>\n<li><a class=\"vertical-rl\" href=\"#\" style=\"color: #E53127; font-weight: bold;\"><!-- [et_pb_line_break_holder] -->        Portugu\u00eas (Portugal)<!-- [et_pb_line_break_holder] -->      <\/a><!-- [et_pb_line_break_holder] -->        <\/ul>\n<p>   <!-- [et_pb_line_break_holder] -->  <\/div>\n<p><!-- [et_pb_line_break_holder] --><\/div>\n<p><!-- [et_pb_line_break_holder] --><!-- [et_pb_line_break_holder] -->  <!-- [et_pb_line_break_holder] --><!-- [et_pb_line_break_holder] --><!-- [et_pb_line_break_holder] -->      <!-- [et_pb_line_break_holder] -->    [\/et_pb_fullwidth_code][\/et_pb_section][et_pb_section fb_built=&#8221;1&#8243; disabled_on=&#8221;on|off|off&#8221; _builder_version=&#8221;4.0.4&#8243; custom_padding=&#8221;0px||120px|||&#8221;][et_pb_row _builder_version=&#8221;3.29.3&#8243; custom_padding=&#8221;88px|||||&#8221;][et_pb_column type=&#8221;4_4&#8243; _builder_version=&#8221;3.29.3&#8243;][et_pb_code _builder_version=&#8221;4.0.2&#8243;]<\/p>\n<div class=\"vector-container vector-s\"><!-- [et_pb_line_break_holder] -->  <\/p>\n<div class=\"vector vector1\"><\/div>\n<p><!-- [et_pb_line_break_holder] -->  <\/p>\n<div class=\"vector vector2\"><\/div>\n<p><!-- [et_pb_line_break_holder] -->  <\/p>\n<div class=\"vector vector3\"><\/div>\n<p><!-- [et_pb_line_break_holder] -->  <\/p>\n<div class=\"vector vector4\"><\/div>\n<p><!-- [et_pb_line_break_holder] -->  <\/p>\n<div class=\"vector vector5\"><\/div>\n<p>\t<!-- [et_pb_line_break_holder] -->  <\/p>\n<div class=\"vector vector6\"><\/div>\n<p>\t<!-- [et_pb_line_break_holder] --><\/div>\n<p>[\/et_pb_code][\/et_pb_column][\/et_pb_row][et_pb_row column_structure=&#8221;2_5,3_5&#8243; use_custom_gutter=&#8221;on&#8221; module_class=&#8221;container-rel&#8221; _builder_version=&#8221;4.0.2&#8243; width=&#8221;100%&#8221; custom_padding=&#8221;55px||35px|13%|false|false&#8221;][et_pb_column type=&#8221;2_5&#8243; _builder_version=&#8221;3.27.4&#8243;][et_pb_text _builder_version=&#8221;4.0.6&#8243; header_line_height=&#8221;0em&#8221; custom_padding=&#8221;|3px||3px|false|false&#8221;]<\/p>\n<p class=\"subheadline\">Cart\u00f5es<\/p>\n<div class=\"red-underline\"><\/div>\n<h3>Postais e cart\u00f5es de felicita\u00e7\u00f5es<\/h3>\n<p>[\/et_pb_text][et_pb_code _builder_version=&#8221;3.27.4&#8243;][\/et_pb_code][\/et_pb_column][et_pb_column type=&#8221;3_5&#8243; _builder_version=&#8221;3.27.4&#8243;][et_pb_text _builder_version=&#8221;4.0.6&#8243; text_font=&#8221;Roboto||||||||&#8221; text_text_color=&#8221;#000000&#8243; text_font_size=&#8221;18px&#8221; width=&#8221;100%&#8221; custom_margin=&#8221;|-832px|0px||false|false&#8221; custom_padding=&#8221;80px||90px||false|false&#8221; custom_css_main_element=&#8221;margin-top: 40px;||width: 85%;&#8221;]<\/p>\n<p class=\"copy\"> Quer se trate de convites de casamento, cart\u00f5es de felicita\u00e7\u00f5es por nascimento ou postais de Natal: cart\u00f5es impressos de alta qualidade mostram ao destinat\u00e1rio o apre\u00e7o que nenhuma mensagem de chat, e-mail ou convite verbal consegue transmitir.<br \/>\nProduzimos postais e cart\u00f5es de felicita\u00e7\u00f5es em papel fino totalmente branco. Tal como nos nossos \u00e1lbuns, tem a possibilidade de adicionar um acabamento em folha de ouro aos textos nas partes exteriores para enfatizar ainda mais a alta qualidade.<br \/>\nA quantidade m\u00ednima de encomenda \u00e9 de 10 cart\u00f5es, a partir da qual os cart\u00f5es ser\u00e3o vendidos em pacotes de 5. <\/p>\n<p><a href=\"https:\/\/apps.apple.com\/app\/friedmann-print\/id1482660936\"><br \/>\n<img decoding=\"async\" src=\"https:\/\/friedmann-photos.com\/wp-content\/uploads\/2019\/11\/badge_PTPT.png\" width=242px ><\/a>[\/et_pb_text][\/et_pb_column][\/et_pb_row][\/et_pb_section][et_pb_section fb_built=&#8221;1&#8243; disabled_on=&#8221;off|on|on&#8221; _builder_version=&#8221;4.0.4&#8243; custom_padding=&#8221;0px||40px|||&#8221;][et_pb_row use_custom_gutter=&#8221;on&#8221; module_class=&#8221;container-rel&#8221; _builder_version=&#8221;4.0.6&#8243; width=&#8221;100%&#8221; custom_padding=&#8221;0px|10%|35px|10%|false|false&#8221;][et_pb_column type=&#8221;4_4&#8243; _builder_version=&#8221;3.27.4&#8243;][et_pb_text _builder_version=&#8221;4.0.6&#8243; header_line_height=&#8221;0em&#8221; custom_margin=&#8221;||14px|||&#8221; custom_padding=&#8221;|3px|4px|3px|false|false&#8221;]<\/p>\n<p class=\"subheadline\">Cart\u00f5es<\/p>\n<div class=\"red-underline\"><\/div>\n<h3 style=\"font-size: 42px !important\">Postais e cart\u00f5es de felicita\u00e7\u00f5es<\/h3>\n<p>[\/et_pb_text][et_pb_text _builder_version=&#8221;4.0.6&#8243;]<\/p>\n<p class=\"copy\"> Quer se trate de convites de casamento, cart\u00f5es de felicita\u00e7\u00f5es por nascimento ou postais de Natal: cart\u00f5es impressos de alta qualidade mostram ao destinat\u00e1rio o apre\u00e7o que nenhuma mensagem de chat, e-mail ou convite verbal consegue transmitir.<br \/>\nProduzimos postais e cart\u00f5es de felicita\u00e7\u00f5es em papel fino totalmente branco. Tal como nos nossos \u00e1lbuns, tem a possibilidade de adicionar um acabamento em folha de ouro aos textos nas partes exteriores para enfatizar ainda mais a alta qualidade.<br \/>\nA quantidade m\u00ednima de encomenda \u00e9 de 10 cart\u00f5es, a partir da qual os cart\u00f5es ser\u00e3o vendidos em pacotes de 5. <\/p>\n<p><a href=\"https:\/\/apps.apple.com\/app\/friedmann-print\/id1482660936\"><br \/>\n<img decoding=\"async\" src=\"https:\/\/friedmann-photos.com\/wp-content\/uploads\/2019\/11\/badge_PTPT.png\" width=242px ><\/a>[\/et_pb_text][\/et_pb_column][\/et_pb_row][\/et_pb_section][et_pb_section fb_built=&#8221;1&#8243; disabled_on=&#8221;on|off|off&#8221; _builder_version=&#8221;4.0.2&#8243; custom_padding=&#8221;||34px|||&#8221;][et_pb_row column_structure=&#8221;1_3,1_3,1_3&#8243; use_custom_gutter=&#8221;on&#8221; gutter_width=&#8221;2&#8243; make_equal=&#8221;on&#8221; _builder_version=&#8221;3.29.3&#8243; custom_margin=&#8221;15px|auto||auto||&#8221; custom_padding=&#8221;|26px||10%|false|false&#8221;][et_pb_column type=&#8221;1_3&#8243; _builder_version=&#8221;3.29.3&#8243;][et_pb_code _builder_version=&#8221;3.29.3&#8243;]<\/p>\n<div class=\"spielkarten-container splk4\"><!-- [et_pb_line_break_holder] -->  <!-- [et_pb_line_break_holder] --><\/div>\n<p>[\/et_pb_code][et_pb_text _builder_version=&#8221;4.0.7&#8243; custom_padding=&#8221;15px|||||&#8221;]<\/p>\n<h3 style=\"font-size: 48px !important; padding-bottom: 30px;\">Papel fino<\/h3>\n<div class=\"red-underline\"><\/div>\n<p style=\"font-size: 20px; letter-spacing: -1%;\"> Todos os cart\u00f5es s\u00e3o impressos em papel fino da empresa \u201cFedrigoni\u201d. O papel tem uma superf\u00edcie com acabamento semimate e, por conseguinte, permite excelentes resultados de impress\u00e3o.\n<\/p>\n<p>[\/et_pb_text][\/et_pb_column][et_pb_column type=&#8221;1_3&#8243; _builder_version=&#8221;3.29.3&#8243;][et_pb_code _builder_version=&#8221;4.0.6&#8243; custom_margin=&#8221;270px|||||&#8221;]<\/p>\n<div class=\"spielkarten-container splk5\"><!-- [et_pb_line_break_holder] -->  <!-- [et_pb_line_break_holder] --><\/div>\n<p>[\/et_pb_code][et_pb_text _builder_version=&#8221;4.0.6&#8243; custom_padding=&#8221;15px|||||&#8221;]<\/p>\n<h3 style=\"font-size: 48px !important; padding-bottom: 30px;\">Acabamento em folha de ouro<\/h3>\n<div class=\"red-underline\"><\/div>\n<p style=\"font-size: 20px; letter-spacing: -1%;\"> Em todos os cart\u00f5es, \u00e9 poss\u00edvel o acabamento em folha de ouro dos textos na parte exterior do cart\u00e3o. O texto a salientar \u00e9 coberto por uma folha de ouro, obtendo um aspeto tridimensional. O acabamento em folha de ouro \u00e9, por enquanto, uma op\u00e7\u00e3o gratuita. <\/p>\n<p>[\/et_pb_text][\/et_pb_column][et_pb_column type=&#8221;1_3&#8243; _builder_version=&#8221;3.29.3&#8243;][et_pb_code _builder_version=&#8221;4.0.6&#8243;]<\/p>\n<div class=\"spielkarten-container splk6\"><!-- [et_pb_line_break_holder] -->  <!-- [et_pb_line_break_holder] --><\/div>\n<p>[\/et_pb_code][et_pb_text _builder_version=&#8221;4.0.6&#8243; custom_padding=&#8221;15px|||||&#8221;]<\/p>\n<h3 style=\"font-size: 48px !important; padding-bottom: 30px;\">Envelopes sempre inclu\u00eddos<\/h3>\n<div class=\"red-underline\"><\/div>\n<p style=\"font-size: 20px; letter-spacing: -1%;\">Em geral, em cada encomenda de cart\u00f5es inclu\u00edmos gratuitamente envelopes autoadesivos na mesma quantidade dos cart\u00f5es encomendados.<\/p>\n<p>[\/et_pb_text][\/et_pb_column][\/et_pb_row][et_pb_row _builder_version=&#8221;4.0.2&#8243; width=&#8221;100%&#8221; custom_margin=&#8221;-3px|auto||auto||&#8221; custom_padding=&#8221;1px|||||&#8221;][et_pb_column type=&#8221;4_4&#8243; _builder_version=&#8221;4.0.2&#8243;][et_pb_code _builder_version=&#8221;4.0.2&#8243; custom_margin=&#8221;1px||-3px|||&#8221;]<\/p>\n<div class=\"pvo-img-container-mobile\" style=\"height: 260px !important;\"><!-- [et_pb_line_break_holder] -->  <\/p>\n<div class=\"left mbg17\" style=\"width: 100% !important;\"><!-- [et_pb_line_break_holder] -->    <span><\/span><!-- [et_pb_line_break_holder] -->  <\/div>\n<p><!-- [et_pb_line_break_holder] --><\/div>\n<p>[\/et_pb_code][\/et_pb_column][\/et_pb_row][\/et_pb_section][et_pb_section fb_built=&#8221;1&#8243; disabled_on=&#8221;off|on|on&#8221; _builder_version=&#8221;4.0.2&#8243; custom_margin=&#8221;4px|||||&#8221; custom_padding=&#8221;0px||50px||false|false&#8221;][et_pb_row _builder_version=&#8221;4.0.2&#8243; width=&#8221;100%&#8221; custom_margin=&#8221;-3px|auto||auto||&#8221; custom_padding=&#8221;22px|||||&#8221;][et_pb_column type=&#8221;4_4&#8243; _builder_version=&#8221;4.0.2&#8243;][et_pb_code _builder_version=&#8221;4.0.4&#8243; custom_margin=&#8221;23px|||||&#8221;]<\/p>\n<div class=\"pvo-img-container-mobile\" style=\"height: 260px !important;\"><!-- [et_pb_line_break_holder] -->  <\/p>\n<div class=\"left mbg16\" style=\"width: 100% !important;\"><!-- [et_pb_line_break_holder] -->    <span><\/span><!-- [et_pb_line_break_holder] -->  <\/div>\n<p><!-- [et_pb_line_break_holder] --><\/div>\n<p>[\/et_pb_code][\/et_pb_column][\/et_pb_row][et_pb_row _builder_version=&#8221;4.0.2&#8243; custom_padding=&#8221;30px||0px|||&#8221;][et_pb_column type=&#8221;4_4&#8243; _builder_version=&#8221;4.0.2&#8243;][et_pb_code _builder_version=&#8221;4.0.7&#8243;]<\/p>\n<h3 style=\"line-height: 95%; font-weight: bold; font-size: 36px !important;letter-spacing: -0.04em;\">Papel fino<\/h3>\n<p><!-- [et_pb_line_break_holder] --><pee style=\"padding-top: 20px\" class=\"copy\">Todos os cart\u00f5es s\u00e3o impressos em papel fino da empresa \u201cFedrigoni\u201d. O papel tem uma superf\u00edcie com acabamento semimate e, por conseguinte, permite excelentes resultados de impress\u00e3o.<\/pee><!-- [et_pb_line_break_holder] -->[\/et_pb_code][\/et_pb_column][\/et_pb_row][\/et_pb_section][et_pb_section fb_built=&#8221;1&#8243; disabled_on=&#8221;off|on|on&#8221; _builder_version=&#8221;4.0.4&#8243; custom_padding=&#8221;0px||0px||false|false&#8221;][et_pb_row _builder_version=&#8221;4.0.2&#8243; width=&#8221;100%&#8221; custom_margin=&#8221;-3px|auto||auto||&#8221; custom_padding=&#8221;1px|||||&#8221;][et_pb_column type=&#8221;4_4&#8243; _builder_version=&#8221;4.0.2&#8243;][et_pb_code _builder_version=&#8221;4.0.2&#8243; custom_margin=&#8221;1px||-3px|||&#8221;]<\/p>\n<div class=\"pvo-img-container-mobile\" style=\"height: 260px !important;\"><!-- [et_pb_line_break_holder] -->  <\/p>\n<div class=\"left mbg21\" style=\"width: 100% !important;\"><!-- [et_pb_line_break_holder] -->    <span><\/span><!-- [et_pb_line_break_holder] -->  <\/div>\n<p><!-- [et_pb_line_break_holder] --><\/div>\n<p>[\/et_pb_code][\/et_pb_column][\/et_pb_row][et_pb_row _builder_version=&#8221;4.0.2&#8243; custom_padding=&#8221;30px||0px|||&#8221;][et_pb_column type=&#8221;4_4&#8243; _builder_version=&#8221;4.0.2&#8243;][et_pb_code _builder_version=&#8221;4.0.6&#8243;]<\/p>\n<h3 style=\"line-height: 95%; font-weight: bold; font-size: 36px !important;letter-spacing: -0.04em;\">Acabamento em folha de ouro<\/h3>\n<p><!-- [et_pb_line_break_holder] --><pee style=\"padding-top: 20px\" class=\"copy\">Em todos os cart\u00f5es, \u00e9 poss\u00edvel o acabamento em folha de ouro dos textos na parte exterior do cart\u00e3o. O texto a salientar \u00e9 coberto por uma folha de ouro, obtendo um aspeto tridimensional. O acabamento em folha de ouro \u00e9, por enquanto, uma op\u00e7\u00e3o gratuita.<!-- [et_pb_line_break_holder] --><\/pee><!-- [et_pb_line_break_holder] -->[\/et_pb_code][\/et_pb_column][\/et_pb_row][\/et_pb_section][et_pb_section fb_built=&#8221;1&#8243; disabled_on=&#8221;off|on|on&#8221; _builder_version=&#8221;4.0.4&#8243; custom_padding=&#8221;5px||16px||false|false&#8221;][et_pb_row _builder_version=&#8221;4.0.2&#8243; width=&#8221;100%&#8221; custom_margin=&#8221;-3px|auto||auto||&#8221; custom_padding=&#8221;1px|||||&#8221;][et_pb_column type=&#8221;4_4&#8243; _builder_version=&#8221;4.0.2&#8243;][et_pb_code _builder_version=&#8221;4.0.2&#8243; custom_margin=&#8221;23px|||||&#8221; custom_padding=&#8221;0px|||||&#8221;]<\/p>\n<div class=\"pvo-img-container-mobile\" style=\"height: 260px !important;\"><!-- [et_pb_line_break_holder] -->  <\/p>\n<div class=\"left mbg18\" style=\"width: 100% !important;\"><!-- [et_pb_line_break_holder] -->    <span><\/span><!-- [et_pb_line_break_holder] -->  <\/div>\n<p><!-- [et_pb_line_break_holder] --><\/div>\n<p>[\/et_pb_code][\/et_pb_column][\/et_pb_row][et_pb_row _builder_version=&#8221;4.0.2&#8243; custom_padding=&#8221;30px||0px|||&#8221;][et_pb_column type=&#8221;4_4&#8243; _builder_version=&#8221;4.0.2&#8243;][et_pb_code _builder_version=&#8221;4.0.6&#8243; custom_margin=&#8221;-8px|||||&#8221; custom_padding=&#8221;||70px|||&#8221;]<\/p>\n<h3 style=\"line-height: 95%; font-weight: bold; font-size: 36px !important;letter-spacing: -0.04em;\">Envelopes sempre inclu\u00eddos<\/h3>\n<p><!-- [et_pb_line_break_holder] --><pee style=\"padding-top: 20px\" class=\"copy\">Em geral, em cada encomenda de cart\u00f5es inclu\u00edmos gratuitamente envelopes autoadesivos na mesma quantidade dos cart\u00f5es encomendados.<\/pee><!-- [et_pb_line_break_holder] -->[\/et_pb_code][\/et_pb_column][\/et_pb_row][\/et_pb_section][et_pb_section fb_built=&#8221;1&#8243; disabled_on=&#8221;on|off|off&#8221; _builder_version=&#8221;4.0.6&#8243; custom_padding=&#8221;16px||174px|||&#8221;][et_pb_row _builder_version=&#8221;4.0.2&#8243; custom_margin=&#8221;-3px|auto||auto||&#8221;][et_pb_column type=&#8221;4_4&#8243; _builder_version=&#8221;4.0.2&#8243;][et_pb_code _builder_version=&#8221;4.0.2&#8243;]<\/p>\n<div class=\"vector-container vector-xs\"><!-- [et_pb_line_break_holder] -->  <\/p>\n<div class=\"vector vector1\"><\/div>\n<p><!-- [et_pb_line_break_holder] -->  <\/p>\n<div class=\"vector vector2\"><\/div>\n<p><!-- [et_pb_line_break_holder] -->  <\/p>\n<div class=\"vector vector3\"><\/div>\n<p><!-- [et_pb_line_break_holder] -->  <\/p>\n<div class=\"vector vector4\"><\/div>\n<p><!-- [et_pb_line_break_holder] -->  <\/p>\n<div class=\"vector vector5\"><\/div>\n<p>\t<!-- [et_pb_line_break_holder] -->  <\/p>\n<div class=\"vector vector6\"><\/div>\n<p>\t<!-- [et_pb_line_break_holder] --><\/div>\n<p>[\/et_pb_code][\/et_pb_column][\/et_pb_row][et_pb_row _builder_version=&#8221;4.0.2&#8243; custom_padding=&#8221;|||10%|false|false&#8221;][et_pb_column type=&#8221;4_4&#8243; _builder_version=&#8221;4.0.2&#8243;][et_pb_code _builder_version=&#8221;4.0.6&#8243;]<\/p>\n<table><!-- [et_pb_line_break_holder] --><\/p>\n<tbody><!-- [et_pb_line_break_holder] --><\/p>\n<tr class=\"table-head\"><!-- [et_pb_line_break_holder] --><\/p>\n<th>Gama<\/th>\n<p><!-- [et_pb_line_break_holder] --><\/p>\n<th>Pap\u00e9is<\/th>\n<p><!-- [et_pb_line_break_holder] --><\/p>\n<th>Postal DINA6<!\u2013- [et_pb_br_holder] -\u2013>2 faces, todas as variedades<!-- [et_pb_line_break_holder] --><\/th>\n<p><!-- [et_pb_line_break_holder] --><\/p>\n<th>Cart\u00e3o desdobr\u00e1vel DINA6<!\u2013- [et_pb_br_holder] -\u2013>4 faces, todas as variedades<\/th>\n<p><!-- [et_pb_line_break_holder] --><\/tr>\n<p><!-- [et_pb_line_break_holder] --><\/p>\n<tr><!-- [et_pb_line_break_holder] --><\/p>\n<td>Pre\u00e7o base para 10 postais ou cart\u00f5es de felicita\u00e7\u00f5es<\/td>\n<p><!-- [et_pb_line_break_holder] --><\/p>\n<td>Matt<\/td>\n<p><!-- [et_pb_line_break_holder] --><\/p>\n<td>9,00 EUR*<\/td>\n<p><!-- [et_pb_line_break_holder] --><\/p>\n<td>13,00 EUR*<\/td>\n<p><!-- [et_pb_line_break_holder] --><\/tr>\n<p><!-- [et_pb_line_break_holder] --><\/p>\n<tr><!-- [et_pb_line_break_holder] --><\/p>\n<td>por cada cart\u00e3o adicional<\/td>\n<p><!-- [et_pb_line_break_holder] --><\/p>\n<td>Matt<\/td>\n<p><!-- [et_pb_line_break_holder] --><\/p>\n<td>0,90 EUR*<\/td>\n<p><!-- [et_pb_line_break_holder] --><\/p>\n<td>1,30 EUR*<\/td>\n<p><!-- [et_pb_line_break_holder] --><\/tr>\n<p>\u00a0<\/p>\n<tr>\n<td style=\"font-size: 12px; font-weight: 400\"> Tempo de produ\u00e7\u00e3o mais <a href=\"https:\/\/helpcenter.friedmann-photos.com\/en\/articles\/3373412-international-shipping-costs-and-delivery-times\"> Prazo de entrega <\/a><\/td>\n<td style=\"font-size: 12px; font-weight: 400\"><\/td>\n<td style=\"font-size: 12px; font-weight: 400\">3-5 Dias \u00fateis <\/td>\n<td style=\"font-size: 12px; font-weight: 400\">3-5 Dias \u00fateis <\/td>\n<\/tr>\n<p>\u00a0<\/tbody>\n<p><!-- [et_pb_line_break_holder] --><\/table>\n<p><!-- [et_pb_line_break_holder] -->  <!\u2013- [et_pb_br_holder] -\u2013><!-- [et_pb_line_break_holder] --><pee style=\"font-size: 10px\"><!-- [et_pb_line_break_holder] -->  * Todos os pre\u00e7os s\u00e3o incl. IVA e mais <a href=\"https:\/\/helpcenter.friedmann-photos.com\/en\/articles\/3373412-international-shipping-costs-and-delivery-times\" target=\"_blank\" rel=\"noopener noreferrer\">custos de envio.<\/a><!-- [et_pb_line_break_holder] -->  <\/pee>[\/et_pb_code][\/et_pb_column][\/et_pb_row][\/et_pb_section][et_pb_section fb_built=&#8221;1&#8243; disabled_on=&#8221;off|on|on&#8221; _builder_version=&#8221;4.0.6&#8243; custom_padding=&#8221;1px||70px|||&#8221;][et_pb_row _builder_version=&#8221;4.0.2&#8243; custom_padding=&#8221;|||0%|false|false&#8221;][et_pb_column type=&#8221;4_4&#8243; _builder_version=&#8221;4.0.2&#8243;][et_pb_code _builder_version=&#8221;4.4.5&#8243; hover_enabled=&#8221;0&#8243;]<pee class=\"tabel-header\">Pre\u00e7o base para 10 postais ou cart\u00f5es de felicita\u00e7\u00f5es<!\u2013- [et_pb_br_holder] -\u2013><em>Pap\u00e9is: Matt<\/em><\/pee><!-- [et_pb_line_break_holder] --><span class=\"red-divider\"><\/span><!-- [et_pb_line_break_holder] --><\/p>\n<div class=\"tabel-flex\"><!-- [et_pb_line_break_holder] -->  <pee><!-- [et_pb_line_break_holder] -->    Postal DINA6, 2 faces, todas as variedades<!-- [et_pb_line_break_holder] -->  <\/pee><!-- [et_pb_line_break_holder] -->  <pee><!-- [et_pb_line_break_holder] -->    9,00 EUR*<!-- [et_pb_line_break_holder] -->  <\/pee><!-- [et_pb_line_break_holder] --><\/div>\n<p><!-- [et_pb_line_break_holder] --><\/p>\n<div class=\"tabel-flex\"><!-- [et_pb_line_break_holder] -->  <pee><!-- [et_pb_line_break_holder] -->    Cart\u00e3o desdobr\u00e1vel DINA6, 4 faces, todas as variedades<!-- [et_pb_line_break_holder] -->  <\/pee><!-- [et_pb_line_break_holder] -->  <pee><!-- [et_pb_line_break_holder] -->    13,00 EUR*<!-- [et_pb_line_break_holder] -->  <\/pee><!-- [et_pb_line_break_holder] --><\/div>\n<p><!-- [et_pb_line_break_holder] --><!\u2013- [et_pb_br_holder] -\u2013><!-- [et_pb_line_break_holder] --><pee class=\"tabel-header\"><!-- [et_pb_line_break_holder] -->  por cada cart\u00e3o adicional<!-- [et_pb_line_break_holder] --><\/pee><!-- [et_pb_line_break_holder] --><\/p>\n<div class=\"tabel-flex\"><!-- [et_pb_line_break_holder] -->  <pee><!-- [et_pb_line_break_holder] -->    Postal DINA6, 2 faces, todas as variedades<!-- [et_pb_line_break_holder] -->  <\/pee><!-- [et_pb_line_break_holder] -->  <pee><!-- [et_pb_line_break_holder] -->    0,90 EUR*<!-- [et_pb_line_break_holder] -->  <\/pee><!-- [et_pb_line_break_holder] --><\/div>\n<p><!-- [et_pb_line_break_holder] --><\/p>\n<div class=\"tabel-flex\"><!-- [et_pb_line_break_holder] -->  <pee><!-- [et_pb_line_break_holder] -->    Cart\u00e3o desdobr\u00e1vel DINA6, 4 faces, todas as variedades<!-- [et_pb_line_break_holder] -->  <\/pee><!-- [et_pb_line_break_holder] -->  <pee><!-- [et_pb_line_break_holder] -->    1,30 EUR*<!-- [et_pb_line_break_holder] -->  <\/pee><!-- [et_pb_line_break_holder] --><\/div>\n<p><!-- [et_pb_line_break_holder] --><\/p>\n<div class=\"tabel-flex\"><!-- [et_pb_line_break_holder] -->  <pee style=\"font-size: 10px !important;  font-weight: 400; padding-bottom: 0\"><!-- [et_pb_line_break_holder] -->    Tempo de produ\u00e7\u00e3o mais <a href=\"https:\/\/helpcenter.friedmann-photos.com\/en\/articles\/3373412-international-shipping-costs-and-delivery-times<!-- [et_pb_line_break_holder] -->&#8220;> Prazo de entrega <\/a><!-- [et_pb_line_break_holder] -->  <\/pee><!-- [et_pb_line_break_holder] -->  <pee style=\"font-size: 10px !important; font-weight: 400;\"><!-- [et_pb_line_break_holder] -->   3-5 Dias \u00fateis<!-- [et_pb_line_break_holder] -->  <\/pee><!-- [et_pb_line_break_holder] --><\/div>\n<p><!-- [et_pb_line_break_holder] --><pee class=\"tabel-disclaimer\" style=\"padding-top: 10px\">* Todos os pre\u00e7os s\u00e3o incl. IVA e mais <a href=\"https:\/\/helpcenter.friedmann-photos.com\/en\/articles\/3373412-international-shipping-costs-and-delivery-times\" target=\"_blank\" rel=\"noopener noreferrer\"> custos de envio.<\/a><!-- [et_pb_line_break_holder] -->  <\/pee><!-- [et_pb_line_break_holder] --><!-- [et_pb_line_break_holder] --><!-- [et_pb_line_break_holder] -->[\/et_pb_code][\/et_pb_column][\/et_pb_row][\/et_pb_section][et_pb_section fb_built=&#8221;1&#8243; fullwidth=&#8221;on&#8221; admin_label=&#8221;Navbar&#8221; _builder_version=&#8221;3.29.3&#8243; saved_tabs=&#8221;all&#8221;][\/et_pb_section][et_pb_section fb_built=&#8221;1&#8243; fullwidth=&#8221;on&#8221; admin_label=&#8221;Footer&#8221; _builder_version=&#8221;3.29.3&#8243;][\/et_pb_section][et_pb_section fb_built=&#8221;1&#8243; fullwidth=&#8221;on&#8221; disabled_on=&#8221;off|on|on&#8221; _builder_version=&#8221;4.0.2&#8243;][et_pb_fullwidth_code _builder_version=&#8221;4.4.5&#8243;]<\/p>\n<div class=\"pvo-footer-container-mobile\"><!-- [et_pb_line_break_holder] --> \t\t\t<\/p>\n<div class=\"footer-left\"><!-- [et_pb_line_break_holder] -->    \t\t\t<\/p>\n<ul><!-- [et_pb_line_break_holder] -->     \t\t\t\t<\/p>\n<li class=\"pvo-logo-container\"><img decoding=\"async\" src=\"https:\/\/friedmann-photos.com\/wp-content\/uploads\/2019\/08\/FPDS-logo-white.png\" style=\"height: 40px; width: auto;\"><\/li>\n<p><!-- [et_pb_line_break_holder] -->   \t\t\t\t<\/ul>\n<p><!-- [et_pb_line_break_holder] -->  \t\t\t<\/div>\n<p><!-- [et_pb_line_break_holder] -->  \t\t\t<\/p>\n<div class=\"footer-right\"><!-- [et_pb_line_break_holder] -->  \t\t\t\t <pee class=\"pvo-white roboto\" style=\"font-weight: bold; font-size: letter-spacing: -0.04em; font-size: 18px !important;\"><!-- [et_pb_line_break_holder] -->     Innovation<!\u2013- [et_pb_br_holder] -\u2013>is our<!\u2013- [et_pb_br_holder] -\u2013><span class=\"roboto\" style=\"margin-left: 24%\">passion.<\/span><!-- [et_pb_line_break_holder] -->    \t\t\t<\/pee><!-- [et_pb_line_break_holder] -->  \t\t\t<\/div>\n<p><!-- [et_pb_line_break_holder] -->\t\t<\/div>\n<p>[\/et_pb_fullwidth_code][\/et_pb_section]<\/p>\n","protected":false},"excerpt":{"rendered":"<p>Cart\u00f5es Postais e cart\u00f5es de felicita\u00e7\u00f5es Quer se trate de convites de casamento, cart\u00f5es de felicita\u00e7\u00f5es por nascimento ou postais de Natal: cart\u00f5es impressos de alta qualidade mostram ao destinat\u00e1rio o apre\u00e7o que nenhuma mensagem de chat, e-mail ou convite verbal consegue transmitir. Produzimos postais e cart\u00f5es de felicita\u00e7\u00f5es em papel fino totalmente branco. Tal [&hellip;]<\/p>\n","protected":false},"author":3,"featured_media":0,"parent":0,"menu_order":0,"comment_status":"closed","ping_status":"closed","template":"","meta":{"_et_pb_use_builder":"on","_et_pb_old_content":"","_et_gb_content_width":"","inline_featured_image":false,"footnotes":""},"class_list":["post-5172","page","type-page","status-publish","hentry"],"_links":{"self":[{"href":"https:\/\/friedmann-photos.com\/pt-pt\/wp-json\/wp\/v2\/pages\/5172","targetHints":{"allow":["GET"]}}],"collection":[{"href":"https:\/\/friedmann-photos.com\/pt-pt\/wp-json\/wp\/v2\/pages"}],"about":[{"href":"https:\/\/friedmann-photos.com\/pt-pt\/wp-json\/wp\/v2\/types\/page"}],"author":[{"embeddable":true,"href":"https:\/\/friedmann-photos.com\/pt-pt\/wp-json\/wp\/v2\/users\/3"}],"replies":[{"embeddable":true,"href":"https:\/\/friedmann-photos.com\/pt-pt\/wp-json\/wp\/v2\/comments?post=5172"}],"version-history":[{"count":9,"href":"https:\/\/friedmann-photos.com\/pt-pt\/wp-json\/wp\/v2\/pages\/5172\/revisions"}],"predecessor-version":[{"id":6674,"href":"https:\/\/friedmann-photos.com\/pt-pt\/wp-json\/wp\/v2\/pages\/5172\/revisions\/6674"}],"wp:attachment":[{"href":"https:\/\/friedmann-photos.com\/pt-pt\/wp-json\/wp\/v2\/media?parent=5172"}],"curies":[{"name":"wp","href":"https:\/\/api.w.org\/{rel}","templated":true}]}}